{"id":923,"date":"2023-11-02T19:01:28","date_gmt":"2023-11-03T00:01:28","guid":{"rendered":"https:\/\/fotitos.click\/?post_type=product&#038;p=923"},"modified":"2023-11-02T19:02:23","modified_gmt":"2023-11-03T00:02:23","slug":"cuadros-para-fotos-3cm-m5","status":"publish","type":"product","link":"https:\/\/fotitos.click\/index.php\/producto\/cuadros-para-fotos-3cm-m5\/","title":{"rendered":"Cuadros para fotos &#8211; 3cm &#8211; M5"},"content":{"rendered":"<div class=\"flex-1 overflow-hidden\">\n<div class=\"react-scroll-to-bottom--css-ltmky-79elbk h-full dark:bg-gray-800\">\n<div class=\"react-scroll-to-bottom--css-ltmky-1n7m0yu\">\n<div class=\"flex flex-col text-sm dark:bg-gray-800\">\n<div class=\"group final-completion w-full text-token-text-primary border-b border-black\/10 gizmo:border-0 dark:border-gray-900\/50 gizmo:dark:border-0 bg-gray-50 gizmo:bg-transparent dark:bg-[#444654] gizmo:dark:bg-transparent\" data-testid=\"conversation-turn-122\">\n<div class=\"p-4 justify-center text-base md:gap-6 md:py-6 m-auto\">\n<div class=\"flex flex-1 gap-4 text-base mx-auto md:gap-6 gizmo:gap-3 gizmo:md:px-5 gizmo:lg:px-1 gizmo:xl:px-5 md:max-w-2xl lg:max-w-[38rem] gizmo:md:max-w-3xl gizmo:lg:max-w-[40rem] gizmo:xl:max-w-[48rem] xl:max-w-3xl }\">\n<div class=\"relative flex w-[calc(100%-50px)] flex-col gizmo:w-full lg:w-[calc(100%-115px)] agent-turn\">\n<div class=\"flex-col gap-1 md:gap-3\">\n<div class=\"flex flex-grow flex-col gap-3 max-w-full\">\n<div class=\"min-h-[20px] flex flex-col items-start gap-3 whitespace-pre-wrap break-words overflow-x-auto\">\n<div class=\"markdown prose w-full break-words dark:prose-invert light\">\n<p>Cuadro para fotos &#8211; Cuadros en Santa Clara Ate Vitarte.<\/p>\n<p>Cuadros para todo tipo fotos.<\/p>\n<p>Puedes enviar la foto que quieras imprimir para tu ocasi\u00f3n especial.<\/p>\n<p>La imagen elegida se imprime con una calidad excepcional, capturando cada detalle y matiz de color. El cuadro realza la imagen, aportando un toque de calidez.<\/p>\n<p>Este cuadro personalizado se convierte en un tesoro sentimental, mostrando tus momentos m\u00e1s queridos de una manera \u00fanica y encantadora. Ya sea una foto de familia, un viaje especial o un retrato, <strong>el cuadro con foto personalizada se convierte en una pieza central en cualquier espacio, llenando el ambiente con amor, recuerdos y belleza<\/strong>.<\/p>\n<\/div>\n<p>&nbsp;<\/p>\n<p><strong>Pasos para Personalizar tu Cuadro:<\/strong><\/p>\n<ol>\n<li><strong>Selecciona tu Foto:<\/strong> Elige la foto o fotos que deseas en su cuadro personalizado (<strong>Tambi\u00e9n podemos hacer un collage con varias fotos<\/strong>). Puede ser una imagen de un momento especial, un retrato familiar o cualquier otra fotograf\u00eda significativa. Puedes agregar alg\u00fan dato que quiera que est\u00e9 en el cuadro.<\/li>\n<li><strong>Escoge el Color:<\/strong> Selecciona el tama\u00f1o que se adapte mejor a tu espacio.<\/li>\n<li><strong>Personaliza los Detalles:<\/strong> A\u00f1ade texto si lo deseas. Puedes enviar el modelo gu\u00eda,\u00a0 que mejor complemente tu foto.<\/li>\n<li><strong>Revisi\u00f3n y Aprobaci\u00f3n:<\/strong> Antes de la impresi\u00f3n final, te mostraremos una vista previa para que revises y confirmes que el dise\u00f1o es exactamente como lo deseas.<\/li>\n<\/ol>\n<p><strong>Proceso de Env\u00edo:<\/strong><\/p>\n<p>Una vez confirmado la impresi\u00f3n, nos encargamos del resto:<\/p>\n<ol>\n<li><strong>Producci\u00f3n:<\/strong> Nuestro equipo se pone manos a la obra para imprimir y ensamblar tu cuadro personalizado.<\/li>\n<li><strong>Env\u00edo R\u00e1pido y Seguro:<\/strong> Utilizamos servicios de env\u00edo confiables para garantizar que tu cuadro personalizado llegue a tiempo y en perfecto estado.<\/li>\n<li><strong>Seguimiento del Pedido:<\/strong> Te proporcionamos un n\u00famero de seguimiento para que puedas rastrear tu pedido y saber exactamente cu\u00e1ndo llegar\u00e1 a tu puerta.<\/li>\n<\/ol>\n<p>Estamos comprometidos a ofrecerte una experiencia de dise\u00f1o y env\u00edo sin complicaciones, asegurando que tu cuadro personalizado sea una obra de arte que atesores para siempre.<\/p>\n<\/div>\n<\/div>\n<\/div>\n<\/div>\n<\/div>\n<\/div>\n<\/div>\n<\/div>\n<\/div>\n<\/div>\n<\/div>\n","protected":false},"excerpt":{"rendered":"<p>Incluye:<\/p>\n<ul>\n<li>Cuadro de madera.<\/li>\n<li>Vidrio.<\/li>\n<li>Tapa mdf.<\/li>\n<li>Foto impresa en papel fotogr\u00e1fico de alta calidad.<\/li>\n<li>Gancho para colgar.<\/li>\n<li>Grosor de moldura 3cm<\/li>\n<li><span style=\"color: #000000;\"><strong>DESPU\u00c9S DE COMPRAR, NOS COMUNICAREMOS PARA COORDINAR LA FOTO A IMPRIMIR.<\/strong><\/span><\/li>\n<\/ul>\n<p><strong>Cuadro ideal para regalos de aniversario, bodas o momentos especiales. \u00a1Personaliza tu cuadro con la foto que deseas!<\/strong><\/p>\n<p><span style=\"color: #ff9900;\"><strong>Si usted tiene alguna referencia de la foto que desea imprimir puede enviar la imagen de referencia, o consultar por WhatsApp de forma directa.<\/strong><\/span><\/p>\n<p>&nbsp;<\/p>\n","protected":false},"featured_media":865,"template":"","meta":[],"product_cat":[29,35,30,31],"product_tag":[51,52,55,56,54,53,49,48,50],"featured_image_urls":{"full":["https:\/\/fotitos.click\/wp-content\/uploads\/2023\/11\/cuadros-11-scaled.jpg",2560,2560,false],"thumbnail":["https:\/\/fotitos.click\/wp-content\/uploads\/2023\/11\/cuadros-11-150x150.jpg",150,150,true],"medium":["https:\/\/fotitos.click\/wp-content\/uploads\/2023\/11\/cuadros-11-300x300.jpg",300,300,true],"medium_large":["https:\/\/fotitos.click\/wp-content\/uploads\/2023\/11\/cuadros-11-768x768.jpg",768,768,true],"large":["https:\/\/fotitos.click\/wp-content\/uploads\/2023\/11\/cuadros-11-1024x1024.jpg",1024,1024,true],"1536x1536":["https:\/\/fotitos.click\/wp-content\/uploads\/2023\/11\/cuadros-11-1536x1536.jpg",1536,1536,true],"2048x2048":["https:\/\/fotitos.click\/wp-content\/uploads\/2023\/11\/cuadros-11-2048x2048.jpg",2048,2048,true],"woocommerce_thumbnail":["https:\/\/fotitos.click\/wp-content\/uploads\/2023\/11\/cuadros-11-300x300.jpg",300,300,true],"woocommerce_single":["https:\/\/fotitos.click\/wp-content\/uploads\/2023\/11\/cuadros-11-600x600.jpg",600,600,true],"woocommerce_gallery_thumbnail":["https:\/\/fotitos.click\/wp-content\/uploads\/2023\/11\/cuadros-11-100x100.jpg",100,100,true]},"post_excerpt_stackable":"<p>Incluye:<\/p>\n<ul>\n<li>Cuadro de madera.<\/li>\n<li>Vidrio.<\/li>\n<li>Tapa mdf.<\/li>\n<li>Foto impresa en papel fotogr\u00e1fico de alta calidad.<\/li>\n<li>Gancho para colgar.<\/li>\n<li>Grosor de moldura 3cm<\/li>\n<li><span style=\"color: #000000;\"><strong>DESPU\u00c9S DE COMPRAR, NOS COMUNICAREMOS PARA COORDINAR LA FOTO A IMPRIMIR.<\/strong><\/span><\/li>\n<\/ul>\n<p><strong>Cuadro ideal para regalos de aniversario, bodas o momentos especiales. \u00a1Personaliza tu cuadro con la foto que deseas!<\/strong><\/p>\n<p><span style=\"color: #ff9900;\"><strong>Si usted tiene alguna referencia de la foto que desea imprimir puede enviar la imagen de referencia, o consultar por WhatsApp de forma directa.<\/strong><\/span><\/p>\n<p>&nbsp;<\/p>\n","category_list":"","author_info":{"name":"","url":""},"comments_num":"0 comentarios","_links":{"self":[{"href":"https:\/\/fotitos.click\/index.php\/wp-json\/wp\/v2\/product\/923"}],"collection":[{"href":"https:\/\/fotitos.click\/index.php\/wp-json\/wp\/v2\/product"}],"about":[{"href":"https:\/\/fotitos.click\/index.php\/wp-json\/wp\/v2\/types\/product"}],"wp:featuredmedia":[{"embeddable":true,"href":"https:\/\/fotitos.click\/index.php\/wp-json\/wp\/v2\/media\/865"}],"wp:attachment":[{"href":"https:\/\/fotitos.click\/index.php\/wp-json\/wp\/v2\/media?parent=923"}],"wp:term":[{"taxonomy":"product_cat","embeddable":true,"href":"https:\/\/fotitos.click\/index.php\/wp-json\/wp\/v2\/product_cat?post=923"},{"taxonomy":"product_tag","embeddable":true,"href":"https:\/\/fotitos.click\/index.php\/wp-json\/wp\/v2\/product_tag?post=923"}],"curies":[{"name":"wp","href":"https:\/\/api.w.org\/{rel}","templated":true}]}}