{"id":675,"date":"2023-10-20T13:44:32","date_gmt":"2023-10-20T18:44:32","guid":{"rendered":"https:\/\/fotitos.click\/?post_type=product&#038;p=675"},"modified":"2023-11-02T19:03:32","modified_gmt":"2023-11-03T00:03:32","slug":"cuadros-bastidor","status":"publish","type":"product","link":"https:\/\/fotitos.click\/index.php\/producto\/cuadros-bastidor\/","title":{"rendered":"Cuadros Bastidor personalizado negro"},"content":{"rendered":"<div class=\"flex-1 overflow-hidden\">\n<div class=\"react-scroll-to-bottom--css-ltmky-79elbk h-full dark:bg-gray-800\">\n<div class=\"react-scroll-to-bottom--css-ltmky-1n7m0yu\">\n<div class=\"flex flex-col text-sm dark:bg-gray-800\">\n<div class=\"group final-completion w-full text-token-text-primary border-b border-black\/10 gizmo:border-0 dark:border-gray-900\/50 gizmo:dark:border-0 bg-gray-50 gizmo:bg-transparent dark:bg-[#444654] gizmo:dark:bg-transparent\" data-testid=\"conversation-turn-122\">\n<div class=\"p-4 justify-center text-base md:gap-6 md:py-6 m-auto\">\n<div class=\"flex flex-1 gap-4 text-base mx-auto md:gap-6 gizmo:gap-3 gizmo:md:px-5 gizmo:lg:px-1 gizmo:xl:px-5 md:max-w-2xl lg:max-w-[38rem] gizmo:md:max-w-3xl gizmo:lg:max-w-[40rem] gizmo:xl:max-w-[48rem] xl:max-w-3xl }\">\n<div class=\"relative flex w-[calc(100%-50px)] flex-col gizmo:w-full lg:w-[calc(100%-115px)] agent-turn\">\n<div class=\"flex-col gap-1 md:gap-3\">\n<div class=\"flex flex-grow flex-col gap-3 max-w-full\">\n<div class=\"min-h-[20px] flex flex-col items-start gap-3 whitespace-pre-wrap break-words overflow-x-auto\">\n<div class=\"markdown prose w-full break-words dark:prose-invert light\">\n<p>Este cuadro bastidor personalizado es un detalle hecho a medida para capturar tus recuerdos m\u00e1s preciados.<\/p>\n<p>La imagen elegida se imprime con una calidad excepcional, capturando cada detalle y matiz de color para un buen cuadro decorativo.<\/p>\n<p>El cuadro personalizado se convierte en un tesoro sentimental, mostrando tus momentos m\u00e1s queridos de una manera \u00fanica y encantadora. Ya sea una foto de familia, un viaje especial o un retrato, <strong>el cuadro con foto personalizada se convierte en una pieza central en cualquier espacio, llenando el ambiente con amor, recuerdos y belleza<\/strong>.<\/p>\n<\/div>\n<p><strong>Pasos para Personalizar tu Cuadro:<\/strong><\/p>\n<ol>\n<li><strong>Selecciona tu Foto:<\/strong> Elige la foto o fotos que deseas transformar en un cuadro bastidor personalizado. Puede ser una imagen de un momento especial, un retrato familiar o cualquier otra fotograf\u00eda significativa.<\/li>\n<li><strong>Escoge el Tama\u00f1o y Color:<\/strong> Selecciona el tama\u00f1o y color que se adapte mejor a tu espacio.<\/li>\n<li><strong>Personaliza los Detalles:<\/strong> A\u00f1ade texto si lo deseas. Puedes enviar el modelo gu\u00eda,\u00a0 que mejor complemente tu foto.<\/li>\n<li><strong>Revisi\u00f3n y Aprobaci\u00f3n:<\/strong> Antes de la impresi\u00f3n final, te mostraremos una vista previa para que revises y confirmes que el dise\u00f1o es exactamente como lo deseas.<\/li>\n<\/ol>\n<p><strong>Proceso de Env\u00edo:<\/strong><\/p>\n<p>Una vez aprobado el dise\u00f1o, nos encargamos del resto:<\/p>\n<ol>\n<li><strong>Producci\u00f3n:<\/strong> Nuestro equipo se pone manos a la obra para imprimir y ensamblar tu cuadro personalizado.<\/li>\n<li><strong>Env\u00edo R\u00e1pido y Seguro:<\/strong> Utilizamos servicios de env\u00edo confiables para garantizar que tu cuadro personalizado llegue a tiempo y en perfecto estado.<\/li>\n<li><strong>Seguimiento del Pedido:<\/strong> Te proporcionamos un n\u00famero de seguimiento para que puedas rastrear tu pedido y saber exactamente cu\u00e1ndo llegar\u00e1 a tu puerta.<\/li>\n<\/ol>\n<p>Estamos comprometidos a ofrecerte una experiencia de dise\u00f1o y env\u00edo sin complicaciones, asegurando que tu cuadro personalizado sea una obra de arte que atesores para siempre.<\/p>\n<\/div>\n<\/div>\n<\/div>\n<\/div>\n<\/div>\n<\/div>\n<\/div>\n<\/div>\n<\/div>\n<\/div>\n<\/div>\n","protected":false},"excerpt":{"rendered":"<p>Cuadro bastidor personalizado, con profundidad de 2.5cm, medidas en 20x20cm y 30x40cm, Foto laminada para un mejor mantenimiento, con base mdf, foto impresa en papel fotogr\u00e1fico de alta calidad, listo para pegar en la pared <strong>no necesitas perforar la pared con clavos.<\/strong><\/p>\n<p><strong>Cuadro bastidor personalizado para regalar en cualquier ocasi\u00f3n.<\/strong><\/p>\n<p>&nbsp;<\/p>\n","protected":false},"featured_media":684,"template":"","meta":[],"product_cat":[25],"product_tag":[],"featured_image_urls":{"full":["https:\/\/fotitos.click\/wp-content\/uploads\/2023\/10\/Cuadro-bastidor-20x20cm-1-scaled.jpg",2560,2560,false],"thumbnail":["https:\/\/fotitos.click\/wp-content\/uploads\/2023\/10\/Cuadro-bastidor-20x20cm-1-150x150.jpg",150,150,true],"medium":["https:\/\/fotitos.click\/wp-content\/uploads\/2023\/10\/Cuadro-bastidor-20x20cm-1-300x300.jpg",300,300,true],"medium_large":["https:\/\/fotitos.click\/wp-content\/uploads\/2023\/10\/Cuadro-bastidor-20x20cm-1-768x768.jpg",768,768,true],"large":["https:\/\/fotitos.click\/wp-content\/uploads\/2023\/10\/Cuadro-bastidor-20x20cm-1-1024x1024.jpg",1024,1024,true],"1536x1536":["https:\/\/fotitos.click\/wp-content\/uploads\/2023\/10\/Cuadro-bastidor-20x20cm-1-1536x1536.jpg",1536,1536,true],"2048x2048":["https:\/\/fotitos.click\/wp-content\/uploads\/2023\/10\/Cuadro-bastidor-20x20cm-1-2048x2048.jpg",2048,2048,true],"woocommerce_thumbnail":["https:\/\/fotitos.click\/wp-content\/uploads\/2023\/10\/Cuadro-bastidor-20x20cm-1-300x300.jpg",300,300,true],"woocommerce_single":["https:\/\/fotitos.click\/wp-content\/uploads\/2023\/10\/Cuadro-bastidor-20x20cm-1-600x600.jpg",600,600,true],"woocommerce_gallery_thumbnail":["https:\/\/fotitos.click\/wp-content\/uploads\/2023\/10\/Cuadro-bastidor-20x20cm-1-100x100.jpg",100,100,true]},"post_excerpt_stackable":"<p>Cuadro bastidor personalizado, con profundidad de 2.5cm, medidas en 20x20cm y 30x40cm, Foto laminada para un mejor mantenimiento, con base mdf, foto impresa en papel fotogr\u00e1fico de alta calidad, listo para pegar en la pared <strong>no necesitas perforar la pared con clavos.<\/strong><\/p>\n<p><strong>Cuadro bastidor personalizado para regalar en cualquier ocasi\u00f3n.<\/strong><\/p>\n<p>&nbsp;<\/p>\n","category_list":"","author_info":{"name":"","url":""},"comments_num":"0 comentarios","_links":{"self":[{"href":"https:\/\/fotitos.click\/index.php\/wp-json\/wp\/v2\/product\/675"}],"collection":[{"href":"https:\/\/fotitos.click\/index.php\/wp-json\/wp\/v2\/product"}],"about":[{"href":"https:\/\/fotitos.click\/index.php\/wp-json\/wp\/v2\/types\/product"}],"wp:featuredmedia":[{"embeddable":true,"href":"https:\/\/fotitos.click\/index.php\/wp-json\/wp\/v2\/media\/684"}],"wp:attachment":[{"href":"https:\/\/fotitos.click\/index.php\/wp-json\/wp\/v2\/media?parent=675"}],"wp:term":[{"taxonomy":"product_cat","embeddable":true,"href":"https:\/\/fotitos.click\/index.php\/wp-json\/wp\/v2\/product_cat?post=675"},{"taxonomy":"product_tag","embeddable":true,"href":"https:\/\/fotitos.click\/index.php\/wp-json\/wp\/v2\/product_tag?post=675"}],"curies":[{"name":"wp","href":"https:\/\/api.w.org\/{rel}","templated":true}]}}