{"id":751,"date":"2023-10-21T12:17:12","date_gmt":"2023-10-21T17:17:12","guid":{"rendered":"https:\/\/fotitos.click\/?page_id=751"},"modified":"2024-12-01T17:23:48","modified_gmt":"2024-12-01T22:23:48","slug":"sesion-navidena","status":"publish","type":"page","link":"https:\/\/fotitos.click\/index.php\/sesion-navidena\/","title":{"rendered":"Sesi\u00f3n navide\u00f1a"},"content":{"rendered":"\n<p>\u00a1Celebremos la temporada de fiestas con una sesi\u00f3n de fotos llena de alegr\u00eda y magia navide\u00f1a! \u00danete a nosotros para capturar momentos especiales que ser\u00e1n tesoros para toda la vida.<\/p>\n\n\n\n<p><strong>Concepto<\/strong>: Sum\u00e9rgete en el esp\u00edritu navide\u00f1o con un escenario encantador lleno de luces brillantes, regalos y nieve.<\/p>\n\n\n\n<div class=\"wp-block-stackable-columns stk-block-columns stk-block stk-a85467f\" data-block-id=\"a85467f\"><div class=\"stk-row stk-inner-blocks stk-block-content stk-content-align stk-a85467f-column\">\n<div class=\"wp-block-stackable-column stk-block-column stk-column stk-block stk-336c2b7\" data-v=\"4\" data-block-id=\"336c2b7\"><style>@media screen and (min-width:768px){.stk-336c2b7{flex:var(--stk-flex-grow,1) 1 25% !important}}<\/style><div class=\"stk-column-wrapper stk-block-column__content stk-container stk-336c2b7-container stk--no-background stk--no-padding\"><div class=\"stk-block-content stk-inner-blocks stk-336c2b7-inner-blocks\">\n<figure class=\"wp-block-image size-large\"><img loading=\"lazy\" decoding=\"async\" width=\"683\" height=\"1024\" src=\"https:\/\/fotitos.click\/wp-content\/uploads\/2023\/12\/navidad-2023-fotos-navidad-1-683x1024.png\" alt=\"\" class=\"wp-image-1248\" srcset=\"https:\/\/fotitos.click\/wp-content\/uploads\/2023\/12\/navidad-2023-fotos-navidad-1-683x1024.png 683w, https:\/\/fotitos.click\/wp-content\/uploads\/2023\/12\/navidad-2023-fotos-navidad-1-200x300.png 200w, https:\/\/fotitos.click\/wp-content\/uploads\/2023\/12\/navidad-2023-fotos-navidad-1-768x1152.png 768w, https:\/\/fotitos.click\/wp-content\/uploads\/2023\/12\/navidad-2023-fotos-navidad-1-1024x1536.png 1024w, https:\/\/fotitos.click\/wp-content\/uploads\/2023\/12\/navidad-2023-fotos-navidad-1-1365x2048.png 1365w, https:\/\/fotitos.click\/wp-content\/uploads\/2023\/12\/navidad-2023-fotos-navidad-1-300x450.png 300w, https:\/\/fotitos.click\/wp-content\/uploads\/2023\/12\/navidad-2023-fotos-navidad-1-600x900.png 600w, https:\/\/fotitos.click\/wp-content\/uploads\/2023\/12\/navidad-2023-fotos-navidad-1.png 2000w\" sizes=\"(max-width: 683px) 100vw, 683px\" \/><\/figure>\n<\/div><\/div><\/div>\n\n\n\n<div class=\"wp-block-stackable-column stk-block-column stk-column stk-block stk-3bd7c3a\" data-v=\"4\" data-block-id=\"3bd7c3a\"><style>@media screen and (min-width:768px){.stk-3bd7c3a{flex:var(--stk-flex-grow,1) 1 25% !important}}<\/style><div class=\"stk-column-wrapper stk-block-column__content stk-container stk-3bd7c3a-container stk--no-background stk--no-padding\"><div class=\"stk-block-content stk-inner-blocks stk-3bd7c3a-inner-blocks\">\n<figure class=\"wp-block-image size-large\"><img loading=\"lazy\" decoding=\"async\" width=\"683\" height=\"1024\" src=\"https:\/\/fotitos.click\/wp-content\/uploads\/2023\/12\/navidad-2023-fotos-navidad-2-683x1024.png\" alt=\"\" class=\"wp-image-1249\" srcset=\"https:\/\/fotitos.click\/wp-content\/uploads\/2023\/12\/navidad-2023-fotos-navidad-2-683x1024.png 683w, https:\/\/fotitos.click\/wp-content\/uploads\/2023\/12\/navidad-2023-fotos-navidad-2-200x300.png 200w, https:\/\/fotitos.click\/wp-content\/uploads\/2023\/12\/navidad-2023-fotos-navidad-2-768x1152.png 768w, https:\/\/fotitos.click\/wp-content\/uploads\/2023\/12\/navidad-2023-fotos-navidad-2-1024x1536.png 1024w, https:\/\/fotitos.click\/wp-content\/uploads\/2023\/12\/navidad-2023-fotos-navidad-2-1365x2048.png 1365w, https:\/\/fotitos.click\/wp-content\/uploads\/2023\/12\/navidad-2023-fotos-navidad-2-300x450.png 300w, https:\/\/fotitos.click\/wp-content\/uploads\/2023\/12\/navidad-2023-fotos-navidad-2-600x900.png 600w, https:\/\/fotitos.click\/wp-content\/uploads\/2023\/12\/navidad-2023-fotos-navidad-2.png 2000w\" sizes=\"(max-width: 683px) 100vw, 683px\" \/><\/figure>\n<\/div><\/div><\/div>\n\n\n\n<div class=\"wp-block-stackable-column stk-block-column stk-column stk-block stk-e175c55\" data-v=\"4\" data-block-id=\"e175c55\"><style>@media screen and (min-width:768px){.stk-e175c55{flex:var(--stk-flex-grow,1) 1 25% !important}}<\/style><div class=\"stk-column-wrapper stk-block-column__content stk-container stk-e175c55-container stk--no-background stk--no-padding\"><div class=\"stk-block-content stk-inner-blocks stk-e175c55-inner-blocks\">\n<figure class=\"wp-block-image size-large\"><img loading=\"lazy\" decoding=\"async\" width=\"683\" height=\"1024\" src=\"https:\/\/fotitos.click\/wp-content\/uploads\/2024\/03\/DSC_0705-683x1024.jpg\" alt=\"\" class=\"wp-image-1355\" srcset=\"https:\/\/fotitos.click\/wp-content\/uploads\/2024\/03\/DSC_0705-683x1024.jpg 683w, https:\/\/fotitos.click\/wp-content\/uploads\/2024\/03\/DSC_0705-200x300.jpg 200w, https:\/\/fotitos.click\/wp-content\/uploads\/2024\/03\/DSC_0705-768x1152.jpg 768w, https:\/\/fotitos.click\/wp-content\/uploads\/2024\/03\/DSC_0705-1024x1536.jpg 1024w, https:\/\/fotitos.click\/wp-content\/uploads\/2024\/03\/DSC_0705-1365x2048.jpg 1365w, https:\/\/fotitos.click\/wp-content\/uploads\/2024\/03\/DSC_0705-300x450.jpg 300w, https:\/\/fotitos.click\/wp-content\/uploads\/2024\/03\/DSC_0705-600x900.jpg 600w, https:\/\/fotitos.click\/wp-content\/uploads\/2024\/03\/DSC_0705-scaled.jpg 1707w\" sizes=\"(max-width: 683px) 100vw, 683px\" \/><\/figure>\n<\/div><\/div><\/div>\n\n\n\n<div class=\"wp-block-stackable-column stk-block-column stk-column stk-block stk-81347f1\" data-v=\"4\" data-block-id=\"81347f1\"><style>@media screen and (min-width:768px){.stk-81347f1{flex:var(--stk-flex-grow,1) 1 25% !important}}<\/style><div class=\"stk-column-wrapper stk-block-column__content stk-container stk-81347f1-container stk--no-background stk--no-padding\"><div class=\"stk-block-content stk-inner-blocks stk-81347f1-inner-blocks\">\n<figure class=\"wp-block-image size-large\"><img loading=\"lazy\" decoding=\"async\" width=\"683\" height=\"1024\" src=\"https:\/\/fotitos.click\/wp-content\/uploads\/2023\/12\/navidad-2023-fotos-navidad-4-683x1024.png\" alt=\"\" class=\"wp-image-1251\" srcset=\"https:\/\/fotitos.click\/wp-content\/uploads\/2023\/12\/navidad-2023-fotos-navidad-4-683x1024.png 683w, https:\/\/fotitos.click\/wp-content\/uploads\/2023\/12\/navidad-2023-fotos-navidad-4-200x300.png 200w, https:\/\/fotitos.click\/wp-content\/uploads\/2023\/12\/navidad-2023-fotos-navidad-4-768x1152.png 768w, https:\/\/fotitos.click\/wp-content\/uploads\/2023\/12\/navidad-2023-fotos-navidad-4-1024x1536.png 1024w, https:\/\/fotitos.click\/wp-content\/uploads\/2023\/12\/navidad-2023-fotos-navidad-4-1365x2048.png 1365w, https:\/\/fotitos.click\/wp-content\/uploads\/2023\/12\/navidad-2023-fotos-navidad-4-300x450.png 300w, https:\/\/fotitos.click\/wp-content\/uploads\/2023\/12\/navidad-2023-fotos-navidad-4-600x900.png 600w, https:\/\/fotitos.click\/wp-content\/uploads\/2023\/12\/navidad-2023-fotos-navidad-4.png 2000w\" sizes=\"(max-width: 683px) 100vw, 683px\" \/><\/figure>\n<\/div><\/div><\/div>\n<\/div><\/div>\n\n\n\n<div class=\"wp-block-stackable-columns stk-block-columns stk-block stk-300ef46\" data-block-id=\"300ef46\"><div class=\"stk-row stk-inner-blocks stk-block-content stk-content-align stk-300ef46-column\">\n<div class=\"wp-block-stackable-column stk-block-column stk-column stk-block stk-139774c\" data-v=\"4\" data-block-id=\"139774c\"><style>@media screen and (min-width:768px){.stk-139774c{flex:var(--stk-flex-grow,1) 1 25% !important}}<\/style><div class=\"stk-column-wrapper stk-block-column__content stk-container stk-139774c-container stk--no-background stk--no-padding\"><div class=\"stk-block-content stk-inner-blocks stk-139774c-inner-blocks\">\n<figure class=\"wp-block-image size-large\"><img loading=\"lazy\" decoding=\"async\" width=\"683\" height=\"1024\" src=\"https:\/\/fotitos.click\/wp-content\/uploads\/2024\/03\/DSC_1011__-683x1024.jpg\" alt=\"\" class=\"wp-image-1351\" srcset=\"https:\/\/fotitos.click\/wp-content\/uploads\/2024\/03\/DSC_1011__-683x1024.jpg 683w, https:\/\/fotitos.click\/wp-content\/uploads\/2024\/03\/DSC_1011__-200x300.jpg 200w, https:\/\/fotitos.click\/wp-content\/uploads\/2024\/03\/DSC_1011__-768x1152.jpg 768w, https:\/\/fotitos.click\/wp-content\/uploads\/2024\/03\/DSC_1011__-1024x1536.jpg 1024w, https:\/\/fotitos.click\/wp-content\/uploads\/2024\/03\/DSC_1011__-1365x2048.jpg 1365w, https:\/\/fotitos.click\/wp-content\/uploads\/2024\/03\/DSC_1011__-300x450.jpg 300w, https:\/\/fotitos.click\/wp-content\/uploads\/2024\/03\/DSC_1011__-600x900.jpg 600w, https:\/\/fotitos.click\/wp-content\/uploads\/2024\/03\/DSC_1011__-scaled.jpg 1707w\" sizes=\"(max-width: 683px) 100vw, 683px\" \/><\/figure>\n<\/div><\/div><\/div>\n\n\n\n<div class=\"wp-block-stackable-column stk-block-column stk-column stk-block stk-6d6a454\" data-v=\"4\" data-block-id=\"6d6a454\"><style>@media screen and (min-width:768px){.stk-6d6a454{flex:var(--stk-flex-grow,1) 1 25% !important}}<\/style><div class=\"stk-column-wrapper stk-block-column__content stk-container stk-6d6a454-container stk--no-background stk--no-padding\"><div class=\"stk-block-content stk-inner-blocks stk-6d6a454-inner-blocks\">\n<figure class=\"wp-block-image size-large\"><img loading=\"lazy\" decoding=\"async\" width=\"683\" height=\"1024\" src=\"https:\/\/fotitos.click\/wp-content\/uploads\/2024\/03\/DSC_0802-683x1024.jpg\" alt=\"\" class=\"wp-image-1353\" srcset=\"https:\/\/fotitos.click\/wp-content\/uploads\/2024\/03\/DSC_0802-683x1024.jpg 683w, https:\/\/fotitos.click\/wp-content\/uploads\/2024\/03\/DSC_0802-200x300.jpg 200w, https:\/\/fotitos.click\/wp-content\/uploads\/2024\/03\/DSC_0802-768x1152.jpg 768w, https:\/\/fotitos.click\/wp-content\/uploads\/2024\/03\/DSC_0802-1024x1536.jpg 1024w, https:\/\/fotitos.click\/wp-content\/uploads\/2024\/03\/DSC_0802-1365x2048.jpg 1365w, https:\/\/fotitos.click\/wp-content\/uploads\/2024\/03\/DSC_0802-300x450.jpg 300w, https:\/\/fotitos.click\/wp-content\/uploads\/2024\/03\/DSC_0802-600x900.jpg 600w, https:\/\/fotitos.click\/wp-content\/uploads\/2024\/03\/DSC_0802-scaled.jpg 1706w\" sizes=\"(max-width: 683px) 100vw, 683px\" \/><\/figure>\n<\/div><\/div><\/div>\n\n\n\n<div class=\"wp-block-stackable-column stk-block-column stk-column stk-block stk-bfeac01\" data-v=\"4\" data-block-id=\"bfeac01\"><style>@media screen and (min-width:768px){.stk-bfeac01{flex:var(--stk-flex-grow,1) 1 25% !important}}<\/style><div class=\"stk-column-wrapper stk-block-column__content stk-container stk-bfeac01-container stk--no-background stk--no-padding\"><div class=\"stk-block-content stk-inner-blocks stk-bfeac01-inner-blocks\">\n<figure class=\"wp-block-image size-large\"><img loading=\"lazy\" decoding=\"async\" width=\"683\" height=\"1024\" src=\"https:\/\/fotitos.click\/wp-content\/uploads\/2024\/03\/DSC_0979__-683x1024.jpg\" alt=\"\" class=\"wp-image-1354\" srcset=\"https:\/\/fotitos.click\/wp-content\/uploads\/2024\/03\/DSC_0979__-683x1024.jpg 683w, https:\/\/fotitos.click\/wp-content\/uploads\/2024\/03\/DSC_0979__-200x300.jpg 200w, https:\/\/fotitos.click\/wp-content\/uploads\/2024\/03\/DSC_0979__-768x1152.jpg 768w, https:\/\/fotitos.click\/wp-content\/uploads\/2024\/03\/DSC_0979__-1024x1536.jpg 1024w, https:\/\/fotitos.click\/wp-content\/uploads\/2024\/03\/DSC_0979__-1365x2048.jpg 1365w, https:\/\/fotitos.click\/wp-content\/uploads\/2024\/03\/DSC_0979__-300x450.jpg 300w, https:\/\/fotitos.click\/wp-content\/uploads\/2024\/03\/DSC_0979__-600x900.jpg 600w, https:\/\/fotitos.click\/wp-content\/uploads\/2024\/03\/DSC_0979__-scaled.jpg 1707w\" sizes=\"(max-width: 683px) 100vw, 683px\" \/><\/figure>\n<\/div><\/div><\/div>\n\n\n\n<div class=\"wp-block-stackable-column stk-block-column stk-column stk-block stk-c21034a\" data-v=\"4\" data-block-id=\"c21034a\"><style>@media screen and (min-width:768px){.stk-c21034a{flex:var(--stk-flex-grow,1) 1 25% !important}}<\/style><div class=\"stk-column-wrapper stk-block-column__content stk-container stk-c21034a-container stk--no-background stk--no-padding\"><div class=\"stk-block-content stk-inner-blocks stk-c21034a-inner-blocks\">\n<figure class=\"wp-block-image size-large\"><img loading=\"lazy\" decoding=\"async\" width=\"683\" height=\"1024\" src=\"https:\/\/fotitos.click\/wp-content\/uploads\/2024\/03\/DSC_1054__-683x1024.jpg\" alt=\"\" class=\"wp-image-1356\" srcset=\"https:\/\/fotitos.click\/wp-content\/uploads\/2024\/03\/DSC_1054__-683x1024.jpg 683w, https:\/\/fotitos.click\/wp-content\/uploads\/2024\/03\/DSC_1054__-200x300.jpg 200w, https:\/\/fotitos.click\/wp-content\/uploads\/2024\/03\/DSC_1054__-768x1152.jpg 768w, https:\/\/fotitos.click\/wp-content\/uploads\/2024\/03\/DSC_1054__-1024x1536.jpg 1024w, https:\/\/fotitos.click\/wp-content\/uploads\/2024\/03\/DSC_1054__-1365x2048.jpg 1365w, https:\/\/fotitos.click\/wp-content\/uploads\/2024\/03\/DSC_1054__-300x450.jpg 300w, https:\/\/fotitos.click\/wp-content\/uploads\/2024\/03\/DSC_1054__-600x900.jpg 600w, https:\/\/fotitos.click\/wp-content\/uploads\/2024\/03\/DSC_1054__-scaled.jpg 1707w\" sizes=\"(max-width: 683px) 100vw, 683px\" \/><\/figure>\n<\/div><\/div><\/div>\n<\/div><\/div>\n\n\n\n<div class=\"wp-block-stackable-columns stk-block-columns stk-block stk-24670e3\" data-block-id=\"24670e3\"><div class=\"stk-row stk-inner-blocks stk-block-content stk-content-align stk-24670e3-column\">\n<div class=\"wp-block-stackable-column stk-block-column stk-column stk-block stk-3c36e1b\" data-v=\"4\" data-block-id=\"3c36e1b\"><style>@media screen and (min-width:768px){.stk-3c36e1b{flex:var(--stk-flex-grow,1) 1 25% !important}}<\/style><div class=\"stk-column-wrapper stk-block-column__content stk-container stk-3c36e1b-container stk--no-background stk--no-padding\"><div class=\"stk-block-content stk-inner-blocks stk-3c36e1b-inner-blocks\">\n<figure class=\"wp-block-image size-large\"><img loading=\"lazy\" decoding=\"async\" width=\"683\" height=\"1024\" src=\"https:\/\/fotitos.click\/wp-content\/uploads\/2023\/12\/navidad-2023-fotos-navidad-5-683x1024.png\" alt=\"\" class=\"wp-image-1252\" srcset=\"https:\/\/fotitos.click\/wp-content\/uploads\/2023\/12\/navidad-2023-fotos-navidad-5-683x1024.png 683w, https:\/\/fotitos.click\/wp-content\/uploads\/2023\/12\/navidad-2023-fotos-navidad-5-200x300.png 200w, https:\/\/fotitos.click\/wp-content\/uploads\/2023\/12\/navidad-2023-fotos-navidad-5-768x1152.png 768w, https:\/\/fotitos.click\/wp-content\/uploads\/2023\/12\/navidad-2023-fotos-navidad-5-1024x1536.png 1024w, https:\/\/fotitos.click\/wp-content\/uploads\/2023\/12\/navidad-2023-fotos-navidad-5-300x450.png 300w, https:\/\/fotitos.click\/wp-content\/uploads\/2023\/12\/navidad-2023-fotos-navidad-5-600x900.png 600w, https:\/\/fotitos.click\/wp-content\/uploads\/2023\/12\/navidad-2023-fotos-navidad-5.png 1200w\" sizes=\"(max-width: 683px) 100vw, 683px\" \/><\/figure>\n<\/div><\/div><\/div>\n\n\n\n<div class=\"wp-block-stackable-column stk-block-column stk-column stk-block stk-e656da8\" data-v=\"4\" data-block-id=\"e656da8\"><style>@media screen and (min-width:768px){.stk-e656da8{flex:var(--stk-flex-grow,1) 1 25% !important}}<\/style><div class=\"stk-column-wrapper stk-block-column__content stk-container stk-e656da8-container stk--no-background stk--no-padding\"><div class=\"stk-block-content stk-inner-blocks stk-e656da8-inner-blocks\">\n<figure class=\"wp-block-image size-large\"><img loading=\"lazy\" decoding=\"async\" width=\"683\" height=\"1024\" src=\"https:\/\/fotitos.click\/wp-content\/uploads\/2024\/03\/DSC_2131___-683x1024.jpg\" alt=\"\" class=\"wp-image-1358\" srcset=\"https:\/\/fotitos.click\/wp-content\/uploads\/2024\/03\/DSC_2131___-683x1024.jpg 683w, https:\/\/fotitos.click\/wp-content\/uploads\/2024\/03\/DSC_2131___-200x300.jpg 200w, https:\/\/fotitos.click\/wp-content\/uploads\/2024\/03\/DSC_2131___-768x1152.jpg 768w, https:\/\/fotitos.click\/wp-content\/uploads\/2024\/03\/DSC_2131___-1024x1536.jpg 1024w, https:\/\/fotitos.click\/wp-content\/uploads\/2024\/03\/DSC_2131___-1365x2048.jpg 1365w, https:\/\/fotitos.click\/wp-content\/uploads\/2024\/03\/DSC_2131___-300x450.jpg 300w, https:\/\/fotitos.click\/wp-content\/uploads\/2024\/03\/DSC_2131___-600x900.jpg 600w, https:\/\/fotitos.click\/wp-content\/uploads\/2024\/03\/DSC_2131___-scaled.jpg 1707w\" sizes=\"(max-width: 683px) 100vw, 683px\" \/><\/figure>\n<\/div><\/div><\/div>\n\n\n\n<div class=\"wp-block-stackable-column stk-block-column stk-column stk-block stk-46fcac4\" data-v=\"4\" data-block-id=\"46fcac4\"><style>@media screen and (min-width:768px){.stk-46fcac4{flex:var(--stk-flex-grow,1) 1 25% !important}}<\/style><div class=\"stk-column-wrapper stk-block-column__content stk-container stk-46fcac4-container stk--no-background stk--no-padding\"><div class=\"stk-block-content stk-inner-blocks stk-46fcac4-inner-blocks\">\n<figure class=\"wp-block-image size-large\"><img loading=\"lazy\" decoding=\"async\" width=\"683\" height=\"1024\" src=\"https:\/\/fotitos.click\/wp-content\/uploads\/2023\/12\/navidad-sesion-fotos-ninos-foto-santa-clara-683x1024.png\" alt=\"\" class=\"wp-image-1254\" srcset=\"https:\/\/fotitos.click\/wp-content\/uploads\/2023\/12\/navidad-sesion-fotos-ninos-foto-santa-clara-683x1024.png 683w, https:\/\/fotitos.click\/wp-content\/uploads\/2023\/12\/navidad-sesion-fotos-ninos-foto-santa-clara-200x300.png 200w, https:\/\/fotitos.click\/wp-content\/uploads\/2023\/12\/navidad-sesion-fotos-ninos-foto-santa-clara-768x1152.png 768w, https:\/\/fotitos.click\/wp-content\/uploads\/2023\/12\/navidad-sesion-fotos-ninos-foto-santa-clara-300x450.png 300w, https:\/\/fotitos.click\/wp-content\/uploads\/2023\/12\/navidad-sesion-fotos-ninos-foto-santa-clara-600x900.png 600w, https:\/\/fotitos.click\/wp-content\/uploads\/2023\/12\/navidad-sesion-fotos-ninos-foto-santa-clara.png 1000w\" sizes=\"(max-width: 683px) 100vw, 683px\" \/><\/figure>\n<\/div><\/div><\/div>\n\n\n\n<div class=\"wp-block-stackable-column stk-block-column stk-column stk-block stk-8d9cdc5\" data-v=\"4\" data-block-id=\"8d9cdc5\"><style>@media screen and (min-width:768px){.stk-8d9cdc5{flex:var(--stk-flex-grow,1) 1 25% !important}}<\/style><div class=\"stk-column-wrapper stk-block-column__content stk-container stk-8d9cdc5-container stk--no-background stk--no-padding\"><div class=\"stk-block-content stk-inner-blocks stk-8d9cdc5-inner-blocks\">\n<figure class=\"wp-block-image size-large\"><img loading=\"lazy\" decoding=\"async\" width=\"683\" height=\"1024\" src=\"https:\/\/fotitos.click\/wp-content\/uploads\/2024\/03\/DSC_1208-683x1024.jpg\" alt=\"\" class=\"wp-image-1357\" srcset=\"https:\/\/fotitos.click\/wp-content\/uploads\/2024\/03\/DSC_1208-683x1024.jpg 683w, https:\/\/fotitos.click\/wp-content\/uploads\/2024\/03\/DSC_1208-200x300.jpg 200w, https:\/\/fotitos.click\/wp-content\/uploads\/2024\/03\/DSC_1208-768x1152.jpg 768w, https:\/\/fotitos.click\/wp-content\/uploads\/2024\/03\/DSC_1208-1024x1536.jpg 1024w, https:\/\/fotitos.click\/wp-content\/uploads\/2024\/03\/DSC_1208-1365x2048.jpg 1365w, https:\/\/fotitos.click\/wp-content\/uploads\/2024\/03\/DSC_1208-300x450.jpg 300w, https:\/\/fotitos.click\/wp-content\/uploads\/2024\/03\/DSC_1208-600x900.jpg 600w, https:\/\/fotitos.click\/wp-content\/uploads\/2024\/03\/DSC_1208-scaled.jpg 1707w\" sizes=\"(max-width: 683px) 100vw, 683px\" \/><\/figure>\n<\/div><\/div><\/div>\n<\/div><\/div>\n\n\n\n<div class=\"wp-block-stackable-heading stk-block-heading stk-block-heading--v2 stk-block stk-bba8c22\" id=\"preguntas-frecuentes-sobre-la-sesion-de-navidad\" data-block-id=\"bba8c22\"><h2 class=\"stk-block-heading__text\">Preguntas frecuentes sobre la sesi\u00f3n de navidad.<\/h2><\/div>\n\n\n\n<div class=\"wp-block-stackable-subtitle stk-block-subtitle stk-block stk-fec4614\" data-block-id=\"fec4614\"><style>.stk-fec4614 .stk-block-subtitle__text{font-size:20px !important}@media screen and (max-width:1023px){.stk-fec4614 .stk-block-subtitle__text{font-size:20px !important}}<\/style><p class=\"stk-block-subtitle__text stk-subtitle\"><strong>\u00bfLas sesiones son previa reserva?<\/strong><br><strong>La reserva es importante que la realice lo antes posible<\/strong>&nbsp;para poder organizar nuestra agenda.&nbsp;<\/p><\/div>\n\n\n\n<p><strong>Reserva tu sesi\u00f3n<\/strong>: \u00a1Programa tu sesi\u00f3n para guardar estos momentos navide\u00f1os para siempre! Disponibilidad limitada, as\u00ed que reserva tu lugar y crea recuerdos que durar\u00e1n toda la vida.<\/p>\n\n\n\n<p><strong>\u00bfQui\u00e9nes pueden participar?<\/strong><br><strong>El papis y el hermanito\/a, pueden salir en la sesi\u00f3n<\/strong>, es un momento muy importante donde el forman parte de \u00e9l.<br>Personas adicionales tiene un costo adicional de S\/ 20.00 soles por persona.<\/p>\n\n\n\n<p class=\"has-medium-font-size\"><strong>\u00bfD\u00f3nde se encuentra el estudio?<\/strong><br>Mi estudio est\u00e1 ubicado en Santa Clara &#8211; Ate &#8211; Vitarte &#8211; Lima &#8211; Per\u00fa, con f\u00e1cil acceso. Se<br>encuentra a 2 cuadras del parque principal de Santa Clara &#8211; Ate.<\/p>\n\n\n\n<p class=\"has-medium-font-size\"><strong>\u00bfQu\u00e9 tengo que llevar?<\/strong><br>Puedes traer alg\u00fan accesorio con referencia a la navidad.<\/p>\n\n\n\n<p class=\"has-medium-font-size\"><strong>\u00bfCu\u00e1l es el tiempo de entrega de material?<\/strong><br>5 d\u00edas despu\u00e9s de tu sesi\u00f3n de fotos, recibir\u00e1s tus mejores fotograf\u00edas por un link de descarga con tus fotos finales editadas. S\u00e9 lo importante que es para ti, por lo que me asegurar\u00e9 de entregarlas en el menor tiempo posible.<\/p>\n\n\n\n<p class=\"has-medium-font-size\"><strong>\u00bfPuedo seleccionar m\u00e1s fotos de la sesi\u00f3n?<\/strong><br>-S\u00ed, por cada foto adicional editado e impreso en 15&#215;21 es de S\/ 10.00 soles C\/U.<\/p>\n\n\n\n<p><strong>\u00a1Deja que la magia de la temporada se refleje en tus fotos! \u00a1Esperamos capturar momentos inolvidables contigo y tu familia!<\/strong><\/p>\n\n\n\n<p class=\"has-medium-font-size\"><strong>\u00bfTenes alguna otra duda?<\/strong><\/p>\n\n\n\n<div class=\"wp-block-stackable-columns stk-block-columns stk-block stk-585dcc1\" data-block-id=\"585dcc1\"><div class=\"stk-row stk-inner-blocks stk-block-content stk-content-align stk-585dcc1-column\">\n<div class=\"wp-block-stackable-column stk-block-column stk-column stk-block stk-24675a6\" data-v=\"4\" data-block-id=\"24675a6\"><div class=\"stk-column-wrapper stk-block-column__content stk-container stk-24675a6-container stk--no-background stk--no-padding\"><div class=\"stk-block-content stk-inner-blocks stk-24675a6-inner-blocks\">\n<div class=\"wp-block-stackable-heading stk-block-heading stk-block-heading--v2 stk-block stk-cce17f2\" id=\"mini-sesion-navidad-promocion\" data-block-id=\"cce17f2\"><h2 class=\"stk-block-heading__text\">Mini Sesi\u00f3n Navidad &#8211; Promoci\u00f3n<\/h2><\/div>\n\n\n\n<p>&#8211; 5 Fotograf\u00edas digitales editadas en alta resoluci\u00f3n.<br>-4 Fotos Impresas en 15&#215;21 (las mismas digitales).<br>&#8211; Vestuario rojo para mam\u00e1 y los peque\u00f1os (Opcional), o puede ser con tu propio estilo.<br>&#8211; La sesi\u00f3n se puede realiza en estudio Santa Clara -Ate.<br>&#8211; Entrega de un cuadro 15x21cm.<br>-Duraci\u00f3n entre 20 a 35 minutos.<br><br><strong>Precio Promocional: S\/90.00<\/strong><\/p>\n\n\n\n<p>\u200b<strong>\u200bFotos en santa Clara Ate Vitarte &#8211; Fotitos <\/strong><\/p>\n<\/div><\/div><\/div>\n<\/div><\/div>\n","protected":false},"excerpt":{"rendered":"<p>\u00a1Celebremos la temporada de fiestas con una sesi\u00f3n de fotos llena de alegr\u00eda y magia navide\u00f1a! \u00danete a nosotros para capturar momentos especiales que ser\u00e1n tesoros para toda la vida. Concepto: Sum\u00e9rgete en el esp\u00edritu navide\u00f1o con un escenario encantador lleno de luces brillantes, regalos y nieve. Preguntas frecuentes sobre la sesi\u00f3n de navidad. \u00bfLas [&hellip;]<\/p>\n","protected":false},"author":1,"featured_media":0,"parent":0,"menu_order":0,"comment_status":"closed","ping_status":"closed","template":"","meta":{"footnotes":""},"blocksy_meta":"","featured_image_urls":{"full":"","thumbnail":"","medium":"","medium_large":"","large":"","1536x1536":"","2048x2048":"","woocommerce_thumbnail":"","woocommerce_single":"","woocommerce_gallery_thumbnail":""},"post_excerpt_stackable":"<p>\u00a1Celebremos la temporada de fiestas con una sesi\u00f3n de fotos llena de alegr\u00eda y magia navide\u00f1a! \u00danete a nosotros para capturar momentos especiales que ser\u00e1n tesoros para toda la vida. Concepto: Sum\u00e9rgete en el esp\u00edritu navide\u00f1o con un escenario encantador lleno de luces brillantes, regalos y nieve. Preguntas frecuentes sobre la sesi\u00f3n de navidad. \u00bfLas sesiones son previa reserva?La reserva es importante que la realice lo antes posible&nbsp;para poder organizar nuestra agenda.&nbsp; Reserva tu sesi\u00f3n: \u00a1Programa tu sesi\u00f3n para guardar estos momentos navide\u00f1os para siempre! Disponibilidad limitada, as\u00ed que reserva tu lugar y crea recuerdos que durar\u00e1n toda la vida.&hellip;<\/p>\n","category_list":"","author_info":{"name":"Doris","url":"https:\/\/fotitos.click\/index.php\/author\/doris\/"},"comments_num":"0 comentarios","_links":{"self":[{"href":"https:\/\/fotitos.click\/index.php\/wp-json\/wp\/v2\/pages\/751"}],"collection":[{"href":"https:\/\/fotitos.click\/index.php\/wp-json\/wp\/v2\/pages"}],"about":[{"href":"https:\/\/fotitos.click\/index.php\/wp-json\/wp\/v2\/types\/page"}],"author":[{"embeddable":true,"href":"https:\/\/fotitos.click\/index.php\/wp-json\/wp\/v2\/users\/1"}],"replies":[{"embeddable":true,"href":"https:\/\/fotitos.click\/index.php\/wp-json\/wp\/v2\/comments?post=751"}],"version-history":[{"count":8,"href":"https:\/\/fotitos.click\/index.php\/wp-json\/wp\/v2\/pages\/751\/revisions"}],"predecessor-version":[{"id":1445,"href":"https:\/\/fotitos.click\/index.php\/wp-json\/wp\/v2\/pages\/751\/revisions\/1445"}],"wp:attachment":[{"href":"https:\/\/fotitos.click\/index.php\/wp-json\/wp\/v2\/media?parent=751"}],"curies":[{"name":"wp","href":"https:\/\/api.w.org\/{rel}","templated":true}]}}