{"id":728,"date":"2023-10-20T20:05:50","date_gmt":"2023-10-21T01:05:50","guid":{"rendered":"https:\/\/fotitos.click\/?page_id=728"},"modified":"2025-06-02T12:25:42","modified_gmt":"2025-06-02T17:25:42","slug":"sesion-cumpleanos","status":"publish","type":"page","link":"https:\/\/fotitos.click\/index.php\/sesion-cumpleanos\/","title":{"rendered":"Sesi\u00f3n Cumplea\u00f1os"},"content":{"rendered":"\n<p>\u00a1Celebra tu cumplea\u00f1os como nunca antes con una sesi\u00f3n de fotos! En nuestro estudio, capturamos la esencia y la emoci\u00f3n de este d\u00eda tan especial. Desde la elegancia de un retrato hasta la diversi\u00f3n de una sesi\u00f3n tem\u00e1tica, aseguramos que cada momento sea inolvidable. \u00a1Reserva ahora y crea recuerdos que atesorar\u00e1s para siempre!<\/p>\n\n\n\n<p><\/p>\n\n\n\n<div class=\"wp-block-stackable-columns stk-block-columns stk-block stk-5576ecd\" data-block-id=\"5576ecd\"><div class=\"stk-row stk-inner-blocks stk-block-content stk-content-align stk-5576ecd-column\">\n<div class=\"wp-block-stackable-column stk-block-column stk-column stk-block stk-806b3f8\" data-v=\"4\" data-block-id=\"806b3f8\"><style>@media screen and (min-width:768px){.stk-806b3f8{flex:var(--stk-flex-grow,1) 1 25% !important}}<\/style><div class=\"stk-column-wrapper stk-block-column__content stk-container stk-806b3f8-container stk--no-background stk--no-padding\"><div class=\"stk-block-content stk-inner-blocks stk-806b3f8-inner-blocks\">\n<figure class=\"wp-block-image size-full\"><img loading=\"lazy\" decoding=\"async\" width=\"600\" height=\"900\" src=\"https:\/\/fotitos.click\/wp-content\/uploads\/2025\/06\/sesion-foto-cumpleanos-mujer-1.png\" alt=\"\" class=\"wp-image-1483\" srcset=\"https:\/\/fotitos.click\/wp-content\/uploads\/2025\/06\/sesion-foto-cumpleanos-mujer-1.png 600w, https:\/\/fotitos.click\/wp-content\/uploads\/2025\/06\/sesion-foto-cumpleanos-mujer-1-200x300.png 200w, https:\/\/fotitos.click\/wp-content\/uploads\/2025\/06\/sesion-foto-cumpleanos-mujer-1-300x450.png 300w\" sizes=\"(max-width: 600px) 100vw, 600px\" \/><\/figure>\n<\/div><\/div><\/div>\n\n\n\n<div class=\"wp-block-stackable-column stk-block-column stk-column stk-block stk-38fdb53\" data-v=\"4\" data-block-id=\"38fdb53\"><style>@media screen and (min-width:768px){.stk-38fdb53{flex:var(--stk-flex-grow,1) 1 25% !important}}<\/style><div class=\"stk-column-wrapper stk-block-column__content stk-container stk-38fdb53-container stk--no-background stk--no-padding\"><div class=\"stk-block-content stk-inner-blocks stk-38fdb53-inner-blocks\">\n<figure class=\"wp-block-image size-full\"><img loading=\"lazy\" decoding=\"async\" width=\"480\" height=\"720\" src=\"https:\/\/fotitos.click\/wp-content\/uploads\/2025\/06\/sesion-foto-cumpleanos-mujer-2.png\" alt=\"\" class=\"wp-image-1484\" srcset=\"https:\/\/fotitos.click\/wp-content\/uploads\/2025\/06\/sesion-foto-cumpleanos-mujer-2.png 480w, https:\/\/fotitos.click\/wp-content\/uploads\/2025\/06\/sesion-foto-cumpleanos-mujer-2-200x300.png 200w, https:\/\/fotitos.click\/wp-content\/uploads\/2025\/06\/sesion-foto-cumpleanos-mujer-2-300x450.png 300w\" sizes=\"(max-width: 480px) 100vw, 480px\" \/><\/figure>\n<\/div><\/div><\/div>\n\n\n\n<div class=\"wp-block-stackable-column stk-block-column stk-column stk-block stk-937dbfb\" data-v=\"4\" data-block-id=\"937dbfb\"><style>@media screen and (min-width:768px){.stk-937dbfb{flex:var(--stk-flex-grow,1) 1 25% !important}}<\/style><div class=\"stk-column-wrapper stk-block-column__content stk-container stk-937dbfb-container stk--no-background stk--no-padding\"><div class=\"stk-block-content stk-inner-blocks stk-937dbfb-inner-blocks\">\n<figure class=\"wp-block-image size-full\"><img loading=\"lazy\" decoding=\"async\" width=\"600\" height=\"900\" src=\"https:\/\/fotitos.click\/wp-content\/uploads\/2025\/06\/sesion-foto-cumpleanos-mujer-3.png\" alt=\"\" class=\"wp-image-1485\" srcset=\"https:\/\/fotitos.click\/wp-content\/uploads\/2025\/06\/sesion-foto-cumpleanos-mujer-3.png 600w, https:\/\/fotitos.click\/wp-content\/uploads\/2025\/06\/sesion-foto-cumpleanos-mujer-3-200x300.png 200w, https:\/\/fotitos.click\/wp-content\/uploads\/2025\/06\/sesion-foto-cumpleanos-mujer-3-300x450.png 300w\" sizes=\"(max-width: 600px) 100vw, 600px\" \/><\/figure>\n<\/div><\/div><\/div>\n\n\n\n<div class=\"wp-block-stackable-column stk-block-column stk-column stk-block stk-0d0af45\" data-v=\"4\" data-block-id=\"0d0af45\"><style>@media screen and (min-width:768px){.stk-0d0af45{flex:var(--stk-flex-grow,1) 1 25% !important}}<\/style><div class=\"stk-column-wrapper stk-block-column__content stk-container stk-0d0af45-container stk--no-background stk--no-padding\"><div class=\"stk-block-content stk-inner-blocks stk-0d0af45-inner-blocks\">\n<figure class=\"wp-block-image size-full\"><img loading=\"lazy\" decoding=\"async\" width=\"600\" height=\"900\" src=\"https:\/\/fotitos.click\/wp-content\/uploads\/2025\/06\/sesion-foto-cumpleanos-mujer-4.png\" alt=\"\" class=\"wp-image-1486\" srcset=\"https:\/\/fotitos.click\/wp-content\/uploads\/2025\/06\/sesion-foto-cumpleanos-mujer-4.png 600w, https:\/\/fotitos.click\/wp-content\/uploads\/2025\/06\/sesion-foto-cumpleanos-mujer-4-200x300.png 200w, https:\/\/fotitos.click\/wp-content\/uploads\/2025\/06\/sesion-foto-cumpleanos-mujer-4-300x450.png 300w\" sizes=\"(max-width: 600px) 100vw, 600px\" \/><\/figure>\n<\/div><\/div><\/div>\n<\/div><\/div>\n\n\n\n<div class=\"wp-block-stackable-columns stk-block-columns stk-block stk-c3a46b8\" data-block-id=\"c3a46b8\"><div class=\"stk-row stk-inner-blocks stk-block-content stk-content-align stk-c3a46b8-column\">\n<div class=\"wp-block-stackable-column stk-block-column stk-column stk-block stk-c226184\" data-v=\"4\" data-block-id=\"c226184\"><style>@media screen and (min-width:768px){.stk-c226184{flex:var(--stk-flex-grow,1) 1 25% !important}}<\/style><div class=\"stk-column-wrapper stk-block-column__content stk-container stk-c226184-container stk--no-background stk--no-padding\"><div class=\"stk-block-content stk-inner-blocks stk-c226184-inner-blocks\">\n<figure class=\"wp-block-image size-large\"><img loading=\"lazy\" decoding=\"async\" width=\"683\" height=\"1024\" src=\"https:\/\/fotitos.click\/wp-content\/uploads\/2024\/03\/30x45-683x1024.jpg\" alt=\"\" class=\"wp-image-1363\" srcset=\"https:\/\/fotitos.click\/wp-content\/uploads\/2024\/03\/30x45-683x1024.jpg 683w, https:\/\/fotitos.click\/wp-content\/uploads\/2024\/03\/30x45-200x300.jpg 200w, https:\/\/fotitos.click\/wp-content\/uploads\/2024\/03\/30x45-768x1152.jpg 768w, https:\/\/fotitos.click\/wp-content\/uploads\/2024\/03\/30x45-1024x1536.jpg 1024w, https:\/\/fotitos.click\/wp-content\/uploads\/2024\/03\/30x45-1365x2048.jpg 1365w, https:\/\/fotitos.click\/wp-content\/uploads\/2024\/03\/30x45-300x450.jpg 300w, https:\/\/fotitos.click\/wp-content\/uploads\/2024\/03\/30x45-600x900.jpg 600w, https:\/\/fotitos.click\/wp-content\/uploads\/2024\/03\/30x45-scaled.jpg 1707w\" sizes=\"(max-width: 683px) 100vw, 683px\" \/><\/figure>\n<\/div><\/div><\/div>\n\n\n\n<div class=\"wp-block-stackable-column stk-block-column stk-column stk-block stk-5f33c3c\" data-v=\"4\" data-block-id=\"5f33c3c\"><style>@media screen and (min-width:768px){.stk-5f33c3c{flex:var(--stk-flex-grow,1) 1 25% !important}}<\/style><div class=\"stk-column-wrapper stk-block-column__content stk-container stk-5f33c3c-container stk--no-background stk--no-padding\"><div class=\"stk-block-content stk-inner-blocks stk-5f33c3c-inner-blocks\">\n<figure class=\"wp-block-image size-large\"><img loading=\"lazy\" decoding=\"async\" width=\"683\" height=\"1024\" src=\"https:\/\/fotitos.click\/wp-content\/uploads\/2024\/03\/DSC_0371-683x1024.jpg\" alt=\"\" class=\"wp-image-1369\" srcset=\"https:\/\/fotitos.click\/wp-content\/uploads\/2024\/03\/DSC_0371-683x1024.jpg 683w, https:\/\/fotitos.click\/wp-content\/uploads\/2024\/03\/DSC_0371-200x300.jpg 200w, https:\/\/fotitos.click\/wp-content\/uploads\/2024\/03\/DSC_0371-768x1152.jpg 768w, https:\/\/fotitos.click\/wp-content\/uploads\/2024\/03\/DSC_0371-1024x1536.jpg 1024w, https:\/\/fotitos.click\/wp-content\/uploads\/2024\/03\/DSC_0371-1365x2048.jpg 1365w, https:\/\/fotitos.click\/wp-content\/uploads\/2024\/03\/DSC_0371-300x450.jpg 300w, https:\/\/fotitos.click\/wp-content\/uploads\/2024\/03\/DSC_0371-600x900.jpg 600w, https:\/\/fotitos.click\/wp-content\/uploads\/2024\/03\/DSC_0371-scaled.jpg 1706w\" sizes=\"(max-width: 683px) 100vw, 683px\" \/><\/figure>\n<\/div><\/div><\/div>\n\n\n\n<div class=\"wp-block-stackable-column stk-block-column stk-column stk-block stk-dc18820\" data-v=\"4\" data-block-id=\"dc18820\"><style>@media screen and (min-width:768px){.stk-dc18820{flex:var(--stk-flex-grow,1) 1 25% !important}}<\/style><div class=\"stk-column-wrapper stk-block-column__content stk-container stk-dc18820-container stk--no-background stk--no-padding\"><div class=\"stk-block-content stk-inner-blocks stk-dc18820-inner-blocks\">\n<figure class=\"wp-block-image size-large\"><img loading=\"lazy\" decoding=\"async\" width=\"683\" height=\"1024\" src=\"https:\/\/fotitos.click\/wp-content\/uploads\/2024\/03\/DSC_0139-683x1024.jpg\" alt=\"\" class=\"wp-image-1367\" srcset=\"https:\/\/fotitos.click\/wp-content\/uploads\/2024\/03\/DSC_0139-683x1024.jpg 683w, https:\/\/fotitos.click\/wp-content\/uploads\/2024\/03\/DSC_0139-200x300.jpg 200w, https:\/\/fotitos.click\/wp-content\/uploads\/2024\/03\/DSC_0139-768x1152.jpg 768w, https:\/\/fotitos.click\/wp-content\/uploads\/2024\/03\/DSC_0139-1024x1536.jpg 1024w, https:\/\/fotitos.click\/wp-content\/uploads\/2024\/03\/DSC_0139-1365x2048.jpg 1365w, https:\/\/fotitos.click\/wp-content\/uploads\/2024\/03\/DSC_0139-300x450.jpg 300w, https:\/\/fotitos.click\/wp-content\/uploads\/2024\/03\/DSC_0139-600x900.jpg 600w, https:\/\/fotitos.click\/wp-content\/uploads\/2024\/03\/DSC_0139-scaled.jpg 1707w\" sizes=\"(max-width: 683px) 100vw, 683px\" \/><\/figure>\n<\/div><\/div><\/div>\n\n\n\n<div class=\"wp-block-stackable-column stk-block-column stk-column stk-block stk-c105d49\" data-v=\"4\" data-block-id=\"c105d49\"><style>@media screen and (min-width:768px){.stk-c105d49{flex:var(--stk-flex-grow,1) 1 25% !important}}<\/style><div class=\"stk-column-wrapper stk-block-column__content stk-container stk-c105d49-container stk--no-background stk--no-padding\"><div class=\"stk-block-content stk-inner-blocks stk-c105d49-inner-blocks\">\n<figure class=\"wp-block-image size-large\"><img loading=\"lazy\" decoding=\"async\" width=\"683\" height=\"1024\" src=\"https:\/\/fotitos.click\/wp-content\/uploads\/2024\/03\/DSC_0181__-683x1024.jpg\" alt=\"\" class=\"wp-image-1368\" srcset=\"https:\/\/fotitos.click\/wp-content\/uploads\/2024\/03\/DSC_0181__-683x1024.jpg 683w, https:\/\/fotitos.click\/wp-content\/uploads\/2024\/03\/DSC_0181__-200x300.jpg 200w, https:\/\/fotitos.click\/wp-content\/uploads\/2024\/03\/DSC_0181__-768x1152.jpg 768w, https:\/\/fotitos.click\/wp-content\/uploads\/2024\/03\/DSC_0181__-1024x1536.jpg 1024w, https:\/\/fotitos.click\/wp-content\/uploads\/2024\/03\/DSC_0181__-1365x2048.jpg 1365w, https:\/\/fotitos.click\/wp-content\/uploads\/2024\/03\/DSC_0181__-300x450.jpg 300w, https:\/\/fotitos.click\/wp-content\/uploads\/2024\/03\/DSC_0181__-600x900.jpg 600w, https:\/\/fotitos.click\/wp-content\/uploads\/2024\/03\/DSC_0181__-scaled.jpg 1707w\" sizes=\"(max-width: 683px) 100vw, 683px\" \/><\/figure>\n<\/div><\/div><\/div>\n<\/div><\/div>\n\n\n\n<figure class=\"wp-block-image aligncenter size-large is-resized\"><img loading=\"lazy\" decoding=\"async\" width=\"1024\" height=\"683\" src=\"https:\/\/fotitos.click\/wp-content\/uploads\/2024\/03\/DSC_6666-1024x683.jpg\" alt=\"\" class=\"wp-image-1364\" style=\"width:1264px;height:auto\" srcset=\"https:\/\/fotitos.click\/wp-content\/uploads\/2024\/03\/DSC_6666-1024x683.jpg 1024w, https:\/\/fotitos.click\/wp-content\/uploads\/2024\/03\/DSC_6666-300x200.jpg 300w, https:\/\/fotitos.click\/wp-content\/uploads\/2024\/03\/DSC_6666-768x512.jpg 768w, https:\/\/fotitos.click\/wp-content\/uploads\/2024\/03\/DSC_6666-1536x1024.jpg 1536w, https:\/\/fotitos.click\/wp-content\/uploads\/2024\/03\/DSC_6666-2048x1365.jpg 2048w, https:\/\/fotitos.click\/wp-content\/uploads\/2024\/03\/DSC_6666-600x400.jpg 600w\" sizes=\"(max-width: 1024px) 100vw, 1024px\" \/><\/figure>\n\n\n\n<p><strong>\u00bfLas sesiones son previa reserva?<\/strong><br><strong>La reserva es importante que la realice lo antes posible<\/strong>&nbsp;para poder organizar nuestra agenda, especialmente si tienes una fecha espec\u00edfica en mente o si quieres asegurarte.<\/p>\n\n\n\n<p><strong>\u00bfD\u00f3nde se encuentra el estudio?<\/strong><br>Mi estudio est\u00e1 ubicado en Santa Clara \u2013 Ate \u2013 Vitarte \u2013 Lima \u2013 Per\u00fa, con f\u00e1cil acceso. Se<br>encuentra a 2 cuadras del parque principal de Santa Clara \u2013 Ate.<\/p>\n\n\n\n<p><strong>\u00bfQu\u00e9 tengo que llevar?<\/strong><br>Es recomendable llevar ropa que les haga sentir c\u00f3modos y seguros. Adem\u00e1s, pueden traer accesorios o cualquier otro elemento que deseen incorporar a sus fotos.<\/p>\n\n\n\n<p><strong>\u00bfPuedo seleccionar m\u00e1s fotos de la sesi\u00f3n?<\/strong><br>-S\u00ed, por cada foto adicional editado e impreso en 15\u00d721 es de S\/ 10.00 soles C\/U.<\/p>\n\n\n\n<p><strong>\u00bfTenes alguna otra duda?<\/strong><\/p>\n\n\n\n<div class=\"wp-block-stackable-columns stk-block-columns stk-block stk-585dcc1\" data-block-id=\"585dcc1\"><div class=\"stk-row stk-inner-blocks stk-block-content stk-content-align stk-585dcc1-column\">\n<div class=\"wp-block-stackable-column stk-block-column stk-column stk-block stk-24675a6\" data-v=\"4\" data-block-id=\"24675a6\"><div class=\"stk-column-wrapper stk-block-column__content stk-container stk-24675a6-container stk--no-background stk--no-padding\"><div class=\"stk-block-content stk-inner-blocks stk-24675a6-inner-blocks\">\n<div class=\"wp-block-stackable-heading stk-block-heading stk-block-heading--v2 stk-block stk-cce17f2\" id=\"sesion-standard\" data-block-id=\"cce17f2\"><h2 class=\"stk-block-heading__text\">Sesi\u00f3n Standard<\/h2><\/div>\n\n\n\n<p>&#8211; 10 Fotograf\u00edas digitales editadas en alta resoluci\u00f3n e impresas en 15x21cm.<br>-1 ampliaci\u00f3n en 30x45cm.<br>&#8211; La sesi\u00f3n se puede realizar en estudio o exterior (previa coordinaci\u00f3n)<br>-1 fondo<br>&#8211; Globo edad, corona y flores<br>-Duraci\u00f3n 40 a 1 hora aprox.<br><br><strong>Precio:                                               S\/ 200.00<\/strong><br><strong>Combo sesi\u00f3n + cuadro 30x45cm= S\/ 250.00<\/strong><\/p>\n\n\n\n<div class=\"wp-block-stackable-subtitle stk-block-subtitle stk-block stk-a63e78d\" data-block-id=\"a63e78d\"><p class=\"stk-block-subtitle__text stk-subtitle\"><strong>\u200bFotos en santa Clara Ate Vitarte &#8211; Fotitos <\/strong><\/p><\/div>\n<\/div><\/div><\/div>\n\n\n\n<div class=\"wp-block-stackable-column stk-block-column stk-column stk-block stk-28a3f61\" data-v=\"4\" data-block-id=\"28a3f61\"><div class=\"stk-column-wrapper stk-block-column__content stk-container stk-28a3f61-container stk--no-background stk--no-padding\"><div class=\"stk-block-content stk-inner-blocks stk-28a3f61-inner-blocks\">\n<div class=\"wp-block-stackable-heading stk-block-heading stk-block-heading--v2 stk-block stk-a4ee94c\" id=\"sesion-premium\" data-block-id=\"a4ee94c\"><h2 class=\"stk-block-heading__text\">Sesi\u00f3n Premium<\/h2><\/div>\n\n\n\n<p>&#8211; 22 Fotos digitales y editadas en alta resoluci\u00f3n. <br>&#8211; 2 Cuadros 30x45cm<br>_ 2 fondos<br>&#8211; Varios cambios de ropa<br>&#8211; Book 30x60cm (16 p\u00e1g.- 8 Hojas)<br>&#8211; Entrega de todas las fotos digitales<br>&#8211; Clip video con las mejores fotos.<\/p>\n\n\n\n<p>\u200b<strong>Precio: S\/600.00<\/strong><\/p>\n\n\n\n<p>Entrega rango de 15 d\u00edas.<\/p>\n<\/div><\/div><\/div>\n<\/div><\/div>\n","protected":false},"excerpt":{"rendered":"<p>\u00a1Celebra tu cumplea\u00f1os como nunca antes con una sesi\u00f3n de fotos! En nuestro estudio, capturamos la esencia y la emoci\u00f3n de este d\u00eda tan especial. Desde la elegancia de un retrato hasta la diversi\u00f3n de una sesi\u00f3n tem\u00e1tica, aseguramos que cada momento sea inolvidable. \u00a1Reserva ahora y crea recuerdos que atesorar\u00e1s para siempre! \u00bfLas sesiones [&hellip;]<\/p>\n","protected":false},"author":1,"featured_media":0,"parent":0,"menu_order":0,"comment_status":"closed","ping_status":"closed","template":"","meta":{"footnotes":""},"blocksy_meta":"","featured_image_urls":{"full":"","thumbnail":"","medium":"","medium_large":"","large":"","1536x1536":"","2048x2048":"","woocommerce_thumbnail":"","woocommerce_single":"","woocommerce_gallery_thumbnail":""},"post_excerpt_stackable":"<p>\u00a1Celebra tu cumplea\u00f1os como nunca antes con una sesi\u00f3n de fotos! En nuestro estudio, capturamos la esencia y la emoci\u00f3n de este d\u00eda tan especial. Desde la elegancia de un retrato hasta la diversi\u00f3n de una sesi\u00f3n tem\u00e1tica, aseguramos que cada momento sea inolvidable. \u00a1Reserva ahora y crea recuerdos que atesorar\u00e1s para siempre! \u00bfLas sesiones son previa reserva?La reserva es importante que la realice lo antes posible&nbsp;para poder organizar nuestra agenda, especialmente si tienes una fecha espec\u00edfica en mente o si quieres asegurarte. \u00bfD\u00f3nde se encuentra el estudio?Mi estudio est\u00e1 ubicado en Santa Clara \u2013 Ate \u2013 Vitarte \u2013 Lima&hellip;<\/p>\n","category_list":"","author_info":{"name":"Doris","url":"https:\/\/fotitos.click\/index.php\/author\/doris\/"},"comments_num":"0 comentarios","_links":{"self":[{"href":"https:\/\/fotitos.click\/index.php\/wp-json\/wp\/v2\/pages\/728"}],"collection":[{"href":"https:\/\/fotitos.click\/index.php\/wp-json\/wp\/v2\/pages"}],"about":[{"href":"https:\/\/fotitos.click\/index.php\/wp-json\/wp\/v2\/types\/page"}],"author":[{"embeddable":true,"href":"https:\/\/fotitos.click\/index.php\/wp-json\/wp\/v2\/users\/1"}],"replies":[{"embeddable":true,"href":"https:\/\/fotitos.click\/index.php\/wp-json\/wp\/v2\/comments?post=728"}],"version-history":[{"count":6,"href":"https:\/\/fotitos.click\/index.php\/wp-json\/wp\/v2\/pages\/728\/revisions"}],"predecessor-version":[{"id":1487,"href":"https:\/\/fotitos.click\/index.php\/wp-json\/wp\/v2\/pages\/728\/revisions\/1487"}],"wp:attachment":[{"href":"https:\/\/fotitos.click\/index.php\/wp-json\/wp\/v2\/media?parent=728"}],"curies":[{"name":"wp","href":"https:\/\/api.w.org\/{rel}","templated":true}]}}