{"id":727,"date":"2023-10-20T20:05:50","date_gmt":"2023-10-21T01:05:50","guid":{"rendered":"https:\/\/fotitos.click\/?page_id=727"},"modified":"2025-04-02T21:10:14","modified_gmt":"2025-04-03T02:10:14","slug":"sesion-pareja","status":"publish","type":"page","link":"https:\/\/fotitos.click\/index.php\/sesion-pareja\/","title":{"rendered":"Sesiones de fotos de pareja &#8211; novios"},"content":{"rendered":"\n<p>\u00a1Descubre el arte de capturar el amor en su forma m\u00e1s pura y genuina! En cada mirada, en cada abrazo, en cada sonrisa, se teje una historia \u00fanica y especial que merece ser inmortalizada. \u00bfQu\u00e9 mejor manera de celebrar su amor que con una sesi\u00f3n de fotos de parejas?<\/p>\n\n\n\n<p>El estilo de fotograf\u00eda lo deciden ustedes.<\/p>\n\n\n\n<div class=\"wp-block-stackable-columns stk-block-columns stk-block stk-e3ca4ce\" data-block-id=\"e3ca4ce\"><div class=\"stk-row stk-inner-blocks stk-block-content stk-content-align stk-e3ca4ce-column\">\n<div class=\"wp-block-stackable-column stk-block-column stk-column stk-block stk-6f3a113\" data-v=\"4\" data-block-id=\"6f3a113\"><style>@media screen and (min-width:768px){.stk-6f3a113{flex:var(--stk-flex-grow,1) 1 25% !important}}<\/style><div class=\"stk-column-wrapper stk-block-column__content stk-container stk-6f3a113-container stk--no-background stk--no-padding\"><div class=\"stk-block-content stk-inner-blocks stk-6f3a113-inner-blocks\">\n<figure class=\"wp-block-image size-large\"><img loading=\"lazy\" decoding=\"async\" width=\"683\" height=\"1024\" src=\"https:\/\/fotitos.click\/wp-content\/uploads\/2025\/04\/RRRRR-9264_-683x1024.jpg\" alt=\"\" class=\"wp-image-1476\" srcset=\"https:\/\/fotitos.click\/wp-content\/uploads\/2025\/04\/RRRRR-9264_-683x1024.jpg 683w, https:\/\/fotitos.click\/wp-content\/uploads\/2025\/04\/RRRRR-9264_-200x300.jpg 200w, https:\/\/fotitos.click\/wp-content\/uploads\/2025\/04\/RRRRR-9264_-768x1152.jpg 768w, https:\/\/fotitos.click\/wp-content\/uploads\/2025\/04\/RRRRR-9264_-1024x1536.jpg 1024w, https:\/\/fotitos.click\/wp-content\/uploads\/2025\/04\/RRRRR-9264_-1365x2048.jpg 1365w, https:\/\/fotitos.click\/wp-content\/uploads\/2025\/04\/RRRRR-9264_-300x450.jpg 300w, https:\/\/fotitos.click\/wp-content\/uploads\/2025\/04\/RRRRR-9264_-600x900.jpg 600w, https:\/\/fotitos.click\/wp-content\/uploads\/2025\/04\/RRRRR-9264_-scaled.jpg 1707w\" sizes=\"(max-width: 683px) 100vw, 683px\" \/><\/figure>\n<\/div><\/div><\/div>\n\n\n\n<div class=\"wp-block-stackable-column stk-block-column stk-column stk-block stk-d82c357\" data-v=\"4\" data-block-id=\"d82c357\"><style>@media screen and (min-width:768px){.stk-d82c357{flex:var(--stk-flex-grow,1) 1 25% !important}}<\/style><div class=\"stk-column-wrapper stk-block-column__content stk-container stk-d82c357-container stk--no-background stk--no-padding\"><div class=\"stk-block-content stk-inner-blocks stk-d82c357-inner-blocks\">\n<figure class=\"wp-block-image size-large\"><img loading=\"lazy\" decoding=\"async\" width=\"683\" height=\"1024\" src=\"https:\/\/fotitos.click\/wp-content\/uploads\/2025\/04\/RRRRR-9265_-683x1024.jpg\" alt=\"\" class=\"wp-image-1477\" srcset=\"https:\/\/fotitos.click\/wp-content\/uploads\/2025\/04\/RRRRR-9265_-683x1024.jpg 683w, https:\/\/fotitos.click\/wp-content\/uploads\/2025\/04\/RRRRR-9265_-200x300.jpg 200w, https:\/\/fotitos.click\/wp-content\/uploads\/2025\/04\/RRRRR-9265_-768x1152.jpg 768w, https:\/\/fotitos.click\/wp-content\/uploads\/2025\/04\/RRRRR-9265_-1024x1536.jpg 1024w, https:\/\/fotitos.click\/wp-content\/uploads\/2025\/04\/RRRRR-9265_-1365x2048.jpg 1365w, https:\/\/fotitos.click\/wp-content\/uploads\/2025\/04\/RRRRR-9265_-300x450.jpg 300w, https:\/\/fotitos.click\/wp-content\/uploads\/2025\/04\/RRRRR-9265_-600x900.jpg 600w, https:\/\/fotitos.click\/wp-content\/uploads\/2025\/04\/RRRRR-9265_-scaled.jpg 1707w\" sizes=\"(max-width: 683px) 100vw, 683px\" \/><\/figure>\n<\/div><\/div><\/div>\n\n\n\n<div class=\"wp-block-stackable-column stk-block-column stk-column stk-block stk-0c086e6\" data-v=\"4\" data-block-id=\"0c086e6\"><style>@media screen and (min-width:768px){.stk-0c086e6{flex:var(--stk-flex-grow,1) 1 25% !important}}<\/style><div class=\"stk-column-wrapper stk-block-column__content stk-container stk-0c086e6-container stk--no-background stk--no-padding\"><div class=\"stk-block-content stk-inner-blocks stk-0c086e6-inner-blocks\">\n<figure class=\"wp-block-image size-large\"><img loading=\"lazy\" decoding=\"async\" width=\"683\" height=\"1024\" src=\"https:\/\/fotitos.click\/wp-content\/uploads\/2025\/04\/RRRRR-9269__-683x1024.jpg\" alt=\"\" class=\"wp-image-1478\" srcset=\"https:\/\/fotitos.click\/wp-content\/uploads\/2025\/04\/RRRRR-9269__-683x1024.jpg 683w, https:\/\/fotitos.click\/wp-content\/uploads\/2025\/04\/RRRRR-9269__-200x300.jpg 200w, https:\/\/fotitos.click\/wp-content\/uploads\/2025\/04\/RRRRR-9269__-768x1152.jpg 768w, https:\/\/fotitos.click\/wp-content\/uploads\/2025\/04\/RRRRR-9269__-1024x1536.jpg 1024w, https:\/\/fotitos.click\/wp-content\/uploads\/2025\/04\/RRRRR-9269__-1365x2048.jpg 1365w, https:\/\/fotitos.click\/wp-content\/uploads\/2025\/04\/RRRRR-9269__-300x450.jpg 300w, https:\/\/fotitos.click\/wp-content\/uploads\/2025\/04\/RRRRR-9269__-600x900.jpg 600w, https:\/\/fotitos.click\/wp-content\/uploads\/2025\/04\/RRRRR-9269__-scaled.jpg 1707w\" sizes=\"(max-width: 683px) 100vw, 683px\" \/><\/figure>\n<\/div><\/div><\/div>\n\n\n\n<div class=\"wp-block-stackable-column stk-block-column stk-column stk-block stk-b4f6f2a\" data-v=\"4\" data-block-id=\"b4f6f2a\"><style>@media screen and (min-width:768px){.stk-b4f6f2a{flex:var(--stk-flex-grow,1) 1 25% !important}}<\/style><div class=\"stk-column-wrapper stk-block-column__content stk-container stk-b4f6f2a-container stk--no-background stk--no-padding\"><div class=\"stk-block-content stk-inner-blocks stk-b4f6f2a-inner-blocks\">\n<figure class=\"wp-block-image size-large\"><img loading=\"lazy\" decoding=\"async\" width=\"683\" height=\"1024\" src=\"https:\/\/fotitos.click\/wp-content\/uploads\/2025\/04\/RRRRR-9268__-683x1024.jpg\" alt=\"\" class=\"wp-image-1480\" srcset=\"https:\/\/fotitos.click\/wp-content\/uploads\/2025\/04\/RRRRR-9268__-683x1024.jpg 683w, https:\/\/fotitos.click\/wp-content\/uploads\/2025\/04\/RRRRR-9268__-200x300.jpg 200w, https:\/\/fotitos.click\/wp-content\/uploads\/2025\/04\/RRRRR-9268__-768x1152.jpg 768w, https:\/\/fotitos.click\/wp-content\/uploads\/2025\/04\/RRRRR-9268__-1024x1536.jpg 1024w, https:\/\/fotitos.click\/wp-content\/uploads\/2025\/04\/RRRRR-9268__-1365x2048.jpg 1365w, https:\/\/fotitos.click\/wp-content\/uploads\/2025\/04\/RRRRR-9268__-300x450.jpg 300w, https:\/\/fotitos.click\/wp-content\/uploads\/2025\/04\/RRRRR-9268__-600x900.jpg 600w, https:\/\/fotitos.click\/wp-content\/uploads\/2025\/04\/RRRRR-9268__-scaled.jpg 1707w\" sizes=\"(max-width: 683px) 100vw, 683px\" \/><\/figure>\n<\/div><\/div><\/div>\n<\/div><\/div>\n\n\n\n<div class=\"wp-block-stackable-columns stk-block-columns stk-block stk-a85467f\" data-block-id=\"a85467f\"><div class=\"stk-row stk-inner-blocks stk-block-content stk-content-align stk-a85467f-column\">\n<div class=\"wp-block-stackable-column stk-block-column stk-column stk-block stk-336c2b7\" data-v=\"4\" data-block-id=\"336c2b7\"><style>@media screen and (min-width:768px){.stk-336c2b7{flex:var(--stk-flex-grow,1) 1 25% !important}}<\/style><div class=\"stk-column-wrapper stk-block-column__content stk-container stk-336c2b7-container stk--no-background stk--no-padding\"><div class=\"stk-block-content stk-inner-blocks stk-336c2b7-inner-blocks\">\n<figure class=\"wp-block-image size-large\"><img loading=\"lazy\" decoding=\"async\" width=\"683\" height=\"1024\" src=\"https:\/\/fotitos.click\/wp-content\/uploads\/2024\/03\/a_-683x1024.jpg\" alt=\"\" class=\"wp-image-1287\" srcset=\"https:\/\/fotitos.click\/wp-content\/uploads\/2024\/03\/a_-683x1024.jpg 683w, https:\/\/fotitos.click\/wp-content\/uploads\/2024\/03\/a_-200x300.jpg 200w, https:\/\/fotitos.click\/wp-content\/uploads\/2024\/03\/a_-768x1152.jpg 768w, https:\/\/fotitos.click\/wp-content\/uploads\/2024\/03\/a_-1024x1536.jpg 1024w, https:\/\/fotitos.click\/wp-content\/uploads\/2024\/03\/a_-1365x2048.jpg 1365w, https:\/\/fotitos.click\/wp-content\/uploads\/2024\/03\/a_-300x450.jpg 300w, https:\/\/fotitos.click\/wp-content\/uploads\/2024\/03\/a_-600x900.jpg 600w, https:\/\/fotitos.click\/wp-content\/uploads\/2024\/03\/a_-scaled.jpg 1707w\" sizes=\"(max-width: 683px) 100vw, 683px\" \/><\/figure>\n<\/div><\/div><\/div>\n\n\n\n<div class=\"wp-block-stackable-column stk-block-column stk-column stk-block stk-3bd7c3a\" data-v=\"4\" data-block-id=\"3bd7c3a\"><style>@media screen and (min-width:768px){.stk-3bd7c3a{flex:var(--stk-flex-grow,1) 1 25% !important}}<\/style><div class=\"stk-column-wrapper stk-block-column__content stk-container stk-3bd7c3a-container stk--no-background stk--no-padding\"><div class=\"stk-block-content stk-inner-blocks stk-3bd7c3a-inner-blocks\">\n<figure class=\"wp-block-image size-large\"><img loading=\"lazy\" decoding=\"async\" width=\"683\" height=\"1024\" src=\"https:\/\/fotitos.click\/wp-content\/uploads\/2024\/03\/DSC_0274_-683x1024.jpg\" alt=\"\" class=\"wp-image-1291\" srcset=\"https:\/\/fotitos.click\/wp-content\/uploads\/2024\/03\/DSC_0274_-683x1024.jpg 683w, https:\/\/fotitos.click\/wp-content\/uploads\/2024\/03\/DSC_0274_-200x300.jpg 200w, https:\/\/fotitos.click\/wp-content\/uploads\/2024\/03\/DSC_0274_-768x1152.jpg 768w, https:\/\/fotitos.click\/wp-content\/uploads\/2024\/03\/DSC_0274_-1024x1536.jpg 1024w, https:\/\/fotitos.click\/wp-content\/uploads\/2024\/03\/DSC_0274_-1365x2048.jpg 1365w, https:\/\/fotitos.click\/wp-content\/uploads\/2024\/03\/DSC_0274_-300x450.jpg 300w, https:\/\/fotitos.click\/wp-content\/uploads\/2024\/03\/DSC_0274_-600x900.jpg 600w, https:\/\/fotitos.click\/wp-content\/uploads\/2024\/03\/DSC_0274_-scaled.jpg 1706w\" sizes=\"(max-width: 683px) 100vw, 683px\" \/><\/figure>\n<\/div><\/div><\/div>\n\n\n\n<div class=\"wp-block-stackable-column stk-block-column stk-column stk-block stk-e175c55\" data-v=\"4\" data-block-id=\"e175c55\"><style>@media screen and (min-width:768px){.stk-e175c55{flex:var(--stk-flex-grow,1) 1 25% !important}}<\/style><div class=\"stk-column-wrapper stk-block-column__content stk-container stk-e175c55-container stk--no-background stk--no-padding\"><div class=\"stk-block-content stk-inner-blocks stk-e175c55-inner-blocks\">\n<figure class=\"wp-block-image size-large\"><img loading=\"lazy\" decoding=\"async\" width=\"683\" height=\"1024\" src=\"https:\/\/fotitos.click\/wp-content\/uploads\/2024\/03\/DSC_0294_-683x1024.jpg\" alt=\"\" class=\"wp-image-1289\" srcset=\"https:\/\/fotitos.click\/wp-content\/uploads\/2024\/03\/DSC_0294_-683x1024.jpg 683w, https:\/\/fotitos.click\/wp-content\/uploads\/2024\/03\/DSC_0294_-200x300.jpg 200w, https:\/\/fotitos.click\/wp-content\/uploads\/2024\/03\/DSC_0294_-768x1152.jpg 768w, https:\/\/fotitos.click\/wp-content\/uploads\/2024\/03\/DSC_0294_-1024x1536.jpg 1024w, https:\/\/fotitos.click\/wp-content\/uploads\/2024\/03\/DSC_0294_-1365x2048.jpg 1365w, https:\/\/fotitos.click\/wp-content\/uploads\/2024\/03\/DSC_0294_-300x450.jpg 300w, https:\/\/fotitos.click\/wp-content\/uploads\/2024\/03\/DSC_0294_-600x900.jpg 600w, https:\/\/fotitos.click\/wp-content\/uploads\/2024\/03\/DSC_0294_-scaled.jpg 1706w\" sizes=\"(max-width: 683px) 100vw, 683px\" \/><\/figure>\n<\/div><\/div><\/div>\n\n\n\n<div class=\"wp-block-stackable-column stk-block-column stk-column stk-block stk-81347f1\" data-v=\"4\" data-block-id=\"81347f1\"><style>@media screen and (min-width:768px){.stk-81347f1{flex:var(--stk-flex-grow,1) 1 25% !important}}<\/style><div class=\"stk-column-wrapper stk-block-column__content stk-container stk-81347f1-container stk--no-background stk--no-padding\"><div class=\"stk-block-content stk-inner-blocks stk-81347f1-inner-blocks\">\n<figure class=\"wp-block-image size-large\"><img loading=\"lazy\" decoding=\"async\" width=\"683\" height=\"1024\" src=\"https:\/\/fotitos.click\/wp-content\/uploads\/2024\/03\/DSC_0336_-683x1024.jpg\" alt=\"\" class=\"wp-image-1290\" srcset=\"https:\/\/fotitos.click\/wp-content\/uploads\/2024\/03\/DSC_0336_-683x1024.jpg 683w, https:\/\/fotitos.click\/wp-content\/uploads\/2024\/03\/DSC_0336_-200x300.jpg 200w, https:\/\/fotitos.click\/wp-content\/uploads\/2024\/03\/DSC_0336_-768x1152.jpg 768w, https:\/\/fotitos.click\/wp-content\/uploads\/2024\/03\/DSC_0336_-1024x1536.jpg 1024w, https:\/\/fotitos.click\/wp-content\/uploads\/2024\/03\/DSC_0336_-1366x2048.jpg 1366w, https:\/\/fotitos.click\/wp-content\/uploads\/2024\/03\/DSC_0336_-300x450.jpg 300w, https:\/\/fotitos.click\/wp-content\/uploads\/2024\/03\/DSC_0336_-600x900.jpg 600w, https:\/\/fotitos.click\/wp-content\/uploads\/2024\/03\/DSC_0336_-scaled.jpg 1707w\" sizes=\"(max-width: 683px) 100vw, 683px\" \/><\/figure>\n<\/div><\/div><\/div>\n<\/div><\/div>\n\n\n\n<div class=\"wp-block-stackable-subtitle stk-block-subtitle stk-block stk-fec4614\" data-block-id=\"fec4614\"><style>.stk-fec4614 .stk-block-subtitle__text{font-size:20px !important}@media screen and (max-width:1023px){.stk-fec4614 .stk-block-subtitle__text{font-size:20px !important}}<\/style><p class=\"stk-block-subtitle__text stk-subtitle\"><strong>\u00bfLas sesiones son previa reserva?<\/strong><br><strong>La reserva es importante que la realice lo antes posible<\/strong>&nbsp;para poder organizar nuestra agenda, especialmente si tienes una fecha espec\u00edfica en mente o si quieres asegurarte.<\/p><\/div>\n\n\n\n<p class=\"has-medium-font-size\"><strong>\u00bfD\u00f3nde se encuentra el estudio?<\/strong><br>Mi estudio est\u00e1 ubicado en Santa Clara &#8211; Ate &#8211; Vitarte &#8211; Lima &#8211; Per\u00fa, con f\u00e1cil acceso. Se<br>encuentra a 2 cuadras del parque principal de Santa Clara &#8211; Ate.<\/p>\n\n\n\n<p class=\"has-medium-font-size\"><strong>\u00bfQu\u00e9 tengo que llevar?<\/strong><br>Es recomendable llevar ropa que les haga sentir c\u00f3modos y seguros. Adem\u00e1s, pueden traer accesorios o cualquier otro elemento que deseen incorporar a sus fotos.<\/p>\n\n\n\n<p class=\"has-medium-font-size\"><strong>\u00bfPuedo seleccionar m\u00e1s fotos de la sesi\u00f3n?<\/strong><br>-S\u00ed, por cada foto adicional editado e impreso en 15&#215;21 es de S\/ 10.00 soles C\/U.<\/p>\n\n\n\n<p><strong>\u00bfTenes alguna otra duda?<\/strong><\/p>\n\n\n\n<div class=\"wp-block-stackable-columns stk-block-columns stk-block stk-585dcc1\" data-block-id=\"585dcc1\"><div class=\"stk-row stk-inner-blocks stk-block-content stk-content-align stk-585dcc1-column\">\n<div class=\"wp-block-stackable-column stk-block-column stk-column stk-block stk-24675a6\" data-v=\"4\" data-block-id=\"24675a6\"><div class=\"stk-column-wrapper stk-block-column__content stk-container stk-24675a6-container stk--no-background stk--no-padding\"><div class=\"stk-block-content stk-inner-blocks stk-24675a6-inner-blocks\">\n<div class=\"wp-block-stackable-heading stk-block-heading stk-block-heading--v2 stk-block stk-cce17f2\" id=\"sesion-standard\" data-block-id=\"cce17f2\"><h2 class=\"stk-block-heading__text\">Sesi\u00f3n Standard<\/h2><\/div>\n\n\n\n<p>&#8211; 10 Fotograf\u00edas digitales editadas en alta resoluci\u00f3n e impresas en 15x21cm.<br>-1 ampliaci\u00f3n en 30x45cm.<br>&#8211; La sesi\u00f3n se puede realizar en estudio &#8211; Exterior (No incluye costo de movilidad).<br>-Duraci\u00f3n 40 a 1 hora aprox.<br><br><strong>Precio:                                               S\/ 150.00<\/strong><br><strong>Combo sesi\u00f3n + cuadro 30x45cm= S\/ 200.00<\/strong><\/p>\n\n\n\n<p>\u200bEntrega en 4 a 7 d\u00edas m\u00e1ximo.<\/p>\n\n\n\n<p><strong>\u200bFotos en santa Clara Ate Vitarte &#8211; Fotitos <\/strong><\/p>\n<\/div><\/div><\/div>\n\n\n\n<div class=\"wp-block-stackable-column stk-block-column stk-column stk-block stk-28a3f61\" data-v=\"4\" data-block-id=\"28a3f61\"><div class=\"stk-column-wrapper stk-block-column__content stk-container stk-28a3f61-container stk--no-background stk--no-padding\"><div class=\"stk-block-content stk-inner-blocks stk-28a3f61-inner-blocks\">\n<div class=\"wp-block-stackable-heading stk-block-heading stk-block-heading--v2 stk-block stk-a4ee94c\" id=\"sesion-premium\" data-block-id=\"a4ee94c\"><h2 class=\"stk-block-heading__text\">Sesi\u00f3n Premium<\/h2><\/div>\n\n\n\n<p>&#8211; 30 Fotos digitales y editadas en alta resoluci\u00f3n. <br>&#8211; 2 Cuadros 30x40cm<br>&#8211; 3 cuadros bastidor de 20x20cm <br>&#8211; 25 fotos impresas en 15&#215;21 cm (Las mismas digitales editadas)<br>&#8211; Clip video con las mejores fotos.<\/p>\n\n\n\n<p>\u200b<strong>Precio: S\/390.00<\/strong><\/p>\n\n\n\n<p>Entrega en 15 a 20 d\u00edas m\u00e1ximo.<\/p>\n<\/div><\/div><\/div>\n<\/div><\/div>\n","protected":false},"excerpt":{"rendered":"<p>\u00a1Descubre el arte de capturar el amor en su forma m\u00e1s pura y genuina! En cada mirada, en cada abrazo, en cada sonrisa, se teje una historia \u00fanica y especial que merece ser inmortalizada. \u00bfQu\u00e9 mejor manera de celebrar su amor que con una sesi\u00f3n de fotos de parejas? El estilo de fotograf\u00eda lo deciden [&hellip;]<\/p>\n","protected":false},"author":1,"featured_media":0,"parent":0,"menu_order":0,"comment_status":"closed","ping_status":"closed","template":"","meta":{"footnotes":""},"blocksy_meta":"","featured_image_urls":{"full":"","thumbnail":"","medium":"","medium_large":"","large":"","1536x1536":"","2048x2048":"","woocommerce_thumbnail":"","woocommerce_single":"","woocommerce_gallery_thumbnail":""},"post_excerpt_stackable":"<p>\u00a1Descubre el arte de capturar el amor en su forma m\u00e1s pura y genuina! En cada mirada, en cada abrazo, en cada sonrisa, se teje una historia \u00fanica y especial que merece ser inmortalizada. \u00bfQu\u00e9 mejor manera de celebrar su amor que con una sesi\u00f3n de fotos de parejas? El estilo de fotograf\u00eda lo deciden ustedes. \u00bfLas sesiones son previa reserva?La reserva es importante que la realice lo antes posible&nbsp;para poder organizar nuestra agenda, especialmente si tienes una fecha espec\u00edfica en mente o si quieres asegurarte. \u00bfD\u00f3nde se encuentra el estudio?Mi estudio est\u00e1 ubicado en Santa Clara &#8211; Ate &#8211;&hellip;<\/p>\n","category_list":"","author_info":{"name":"Doris","url":"https:\/\/fotitos.click\/index.php\/author\/doris\/"},"comments_num":"0 comentarios","_links":{"self":[{"href":"https:\/\/fotitos.click\/index.php\/wp-json\/wp\/v2\/pages\/727"}],"collection":[{"href":"https:\/\/fotitos.click\/index.php\/wp-json\/wp\/v2\/pages"}],"about":[{"href":"https:\/\/fotitos.click\/index.php\/wp-json\/wp\/v2\/types\/page"}],"author":[{"embeddable":true,"href":"https:\/\/fotitos.click\/index.php\/wp-json\/wp\/v2\/users\/1"}],"replies":[{"embeddable":true,"href":"https:\/\/fotitos.click\/index.php\/wp-json\/wp\/v2\/comments?post=727"}],"version-history":[{"count":7,"href":"https:\/\/fotitos.click\/index.php\/wp-json\/wp\/v2\/pages\/727\/revisions"}],"predecessor-version":[{"id":1481,"href":"https:\/\/fotitos.click\/index.php\/wp-json\/wp\/v2\/pages\/727\/revisions\/1481"}],"wp:attachment":[{"href":"https:\/\/fotitos.click\/index.php\/wp-json\/wp\/v2\/media?parent=727"}],"curies":[{"name":"wp","href":"https:\/\/api.w.org\/{rel}","templated":true}]}}