{"id":725,"date":"2023-10-20T20:05:50","date_gmt":"2023-10-21T01:05:50","guid":{"rendered":"https:\/\/fotitos.click\/?page_id=725"},"modified":"2025-02-03T21:42:23","modified_gmt":"2025-02-04T02:42:23","slug":"sesion-ninos-ninas","status":"publish","type":"page","link":"https:\/\/fotitos.click\/index.php\/sesion-ninos-ninas\/","title":{"rendered":"Sesi\u00f3n Ni\u00f1os &#8211; Ni\u00f1as"},"content":{"rendered":"\n<p>\u00a1Celebra la dulzura y la diversi\u00f3n de la infancia con una sesi\u00f3n de fotos inolvidable para tu peque\u00f1o! En nuestro estudio, capturamos cada risa, cada gesto y cada momento especial. Ven y crea recuerdos que durar\u00e1n toda la vida. \u00a1Reserva ahora y deja que la magia comience!<\/p>\n\n\n\n<div class=\"wp-block-stackable-columns stk-block-columns stk-block stk-5255e06\" data-block-id=\"5255e06\"><div class=\"stk-row stk-inner-blocks stk-block-content stk-content-align stk-5255e06-column\">\n<div class=\"wp-block-stackable-column stk-block-column stk-column stk-block stk-d325f32\" data-v=\"4\" data-block-id=\"d325f32\"><style>@media screen and (min-width:768px){.stk-d325f32{flex:var(--stk-flex-grow,1) 1 25% !important}}<\/style><div class=\"stk-column-wrapper stk-block-column__content stk-container stk-d325f32-container stk--no-background stk--no-padding\"><div class=\"stk-block-content stk-inner-blocks stk-d325f32-inner-blocks\">\n<figure class=\"wp-block-image size-large\"><img loading=\"lazy\" decoding=\"async\" width=\"640\" height=\"1024\" src=\"https:\/\/fotitos.click\/wp-content\/uploads\/2025\/02\/sesion-de-fotos-ninos-a-640x1024.png\" alt=\"\" class=\"wp-image-1465\" srcset=\"https:\/\/fotitos.click\/wp-content\/uploads\/2025\/02\/sesion-de-fotos-ninos-a-640x1024.png 640w, https:\/\/fotitos.click\/wp-content\/uploads\/2025\/02\/sesion-de-fotos-ninos-a-188x300.png 188w, https:\/\/fotitos.click\/wp-content\/uploads\/2025\/02\/sesion-de-fotos-ninos-a-768x1229.png 768w, https:\/\/fotitos.click\/wp-content\/uploads\/2025\/02\/sesion-de-fotos-ninos-a-960x1536.png 960w, https:\/\/fotitos.click\/wp-content\/uploads\/2025\/02\/sesion-de-fotos-ninos-a-300x480.png 300w, https:\/\/fotitos.click\/wp-content\/uploads\/2025\/02\/sesion-de-fotos-ninos-a-600x960.png 600w, https:\/\/fotitos.click\/wp-content\/uploads\/2025\/02\/sesion-de-fotos-ninos-a.png 1200w\" sizes=\"(max-width: 640px) 100vw, 640px\" \/><\/figure>\n<\/div><\/div><\/div>\n\n\n\n<div class=\"wp-block-stackable-column stk-block-column stk-column stk-block stk-3c04eef\" data-v=\"4\" data-block-id=\"3c04eef\"><style>@media screen and (min-width:768px){.stk-3c04eef{flex:var(--stk-flex-grow,1) 1 25% !important}}<\/style><div class=\"stk-column-wrapper stk-block-column__content stk-container stk-3c04eef-container stk--no-background stk--no-padding\"><div class=\"stk-block-content stk-inner-blocks stk-3c04eef-inner-blocks\">\n<figure class=\"wp-block-image size-large\"><img loading=\"lazy\" decoding=\"async\" width=\"640\" height=\"1024\" src=\"https:\/\/fotitos.click\/wp-content\/uploads\/2025\/02\/sesion-de-fotos-ninos-b-640x1024.png\" alt=\"\" class=\"wp-image-1466\" srcset=\"https:\/\/fotitos.click\/wp-content\/uploads\/2025\/02\/sesion-de-fotos-ninos-b-640x1024.png 640w, https:\/\/fotitos.click\/wp-content\/uploads\/2025\/02\/sesion-de-fotos-ninos-b-188x300.png 188w, https:\/\/fotitos.click\/wp-content\/uploads\/2025\/02\/sesion-de-fotos-ninos-b-768x1229.png 768w, https:\/\/fotitos.click\/wp-content\/uploads\/2025\/02\/sesion-de-fotos-ninos-b-960x1536.png 960w, https:\/\/fotitos.click\/wp-content\/uploads\/2025\/02\/sesion-de-fotos-ninos-b-300x480.png 300w, https:\/\/fotitos.click\/wp-content\/uploads\/2025\/02\/sesion-de-fotos-ninos-b-600x960.png 600w, https:\/\/fotitos.click\/wp-content\/uploads\/2025\/02\/sesion-de-fotos-ninos-b.png 1200w\" sizes=\"(max-width: 640px) 100vw, 640px\" \/><\/figure>\n<\/div><\/div><\/div>\n\n\n\n<div class=\"wp-block-stackable-column stk-block-column stk-column stk-block stk-52baafc\" data-v=\"4\" data-block-id=\"52baafc\"><style>@media screen and (min-width:768px){.stk-52baafc{flex:var(--stk-flex-grow,1) 1 25% !important}}<\/style><div class=\"stk-column-wrapper stk-block-column__content stk-container stk-52baafc-container stk--no-background stk--no-padding\"><div class=\"stk-block-content stk-inner-blocks stk-52baafc-inner-blocks\">\n<figure class=\"wp-block-image size-large\"><img loading=\"lazy\" decoding=\"async\" width=\"640\" height=\"1024\" src=\"https:\/\/fotitos.click\/wp-content\/uploads\/2025\/02\/sesion-de-fotos-ninos-d-640x1024.png\" alt=\"\" class=\"wp-image-1468\" srcset=\"https:\/\/fotitos.click\/wp-content\/uploads\/2025\/02\/sesion-de-fotos-ninos-d-640x1024.png 640w, https:\/\/fotitos.click\/wp-content\/uploads\/2025\/02\/sesion-de-fotos-ninos-d-188x300.png 188w, https:\/\/fotitos.click\/wp-content\/uploads\/2025\/02\/sesion-de-fotos-ninos-d-768x1229.png 768w, https:\/\/fotitos.click\/wp-content\/uploads\/2025\/02\/sesion-de-fotos-ninos-d-960x1536.png 960w, https:\/\/fotitos.click\/wp-content\/uploads\/2025\/02\/sesion-de-fotos-ninos-d-300x480.png 300w, https:\/\/fotitos.click\/wp-content\/uploads\/2025\/02\/sesion-de-fotos-ninos-d-600x960.png 600w, https:\/\/fotitos.click\/wp-content\/uploads\/2025\/02\/sesion-de-fotos-ninos-d.png 1200w\" sizes=\"(max-width: 640px) 100vw, 640px\" \/><\/figure>\n<\/div><\/div><\/div>\n\n\n\n<div class=\"wp-block-stackable-column stk-block-column stk-column stk-block stk-9f61c42\" data-v=\"4\" data-block-id=\"9f61c42\"><style>@media screen and (min-width:768px){.stk-9f61c42{flex:var(--stk-flex-grow,1) 1 25% !important}}<\/style><div class=\"stk-column-wrapper stk-block-column__content stk-container stk-9f61c42-container stk--no-background stk--no-padding\"><div class=\"stk-block-content stk-inner-blocks stk-9f61c42-inner-blocks\">\n<figure class=\"wp-block-image size-large is-resized\"><img loading=\"lazy\" decoding=\"async\" width=\"683\" height=\"1024\" src=\"https:\/\/fotitos.click\/wp-content\/uploads\/2024\/08\/DSC_7269_-683x1024.jpg\" alt=\"\" class=\"wp-image-1428\" style=\"width:299px;height:auto\" srcset=\"https:\/\/fotitos.click\/wp-content\/uploads\/2024\/08\/DSC_7269_-683x1024.jpg 683w, https:\/\/fotitos.click\/wp-content\/uploads\/2024\/08\/DSC_7269_-200x300.jpg 200w, https:\/\/fotitos.click\/wp-content\/uploads\/2024\/08\/DSC_7269_-768x1152.jpg 768w, https:\/\/fotitos.click\/wp-content\/uploads\/2024\/08\/DSC_7269_-1024x1536.jpg 1024w, https:\/\/fotitos.click\/wp-content\/uploads\/2024\/08\/DSC_7269_-1366x2048.jpg 1366w, https:\/\/fotitos.click\/wp-content\/uploads\/2024\/08\/DSC_7269_-300x450.jpg 300w, https:\/\/fotitos.click\/wp-content\/uploads\/2024\/08\/DSC_7269_-600x900.jpg 600w, https:\/\/fotitos.click\/wp-content\/uploads\/2024\/08\/DSC_7269_-scaled.jpg 1707w\" sizes=\"(max-width: 683px) 100vw, 683px\" \/><\/figure>\n<\/div><\/div><\/div>\n<\/div><\/div>\n\n\n\n<div class=\"wp-block-stackable-columns stk-block-columns stk-block stk-19fe750\" data-block-id=\"19fe750\"><style>.stk-19fe750{margin-bottom:25px !important}<\/style><div class=\"stk-row stk-inner-blocks stk-block-content stk-content-align stk-19fe750-column\">\n<div class=\"wp-block-stackable-column stk-block-column stk-column stk-block stk-dc5f395\" data-v=\"4\" data-block-id=\"dc5f395\"><style>@media screen and (min-width:768px){.stk-dc5f395{flex:var(--stk-flex-grow,1) 1 25% !important}}<\/style><div class=\"stk-column-wrapper stk-block-column__content stk-container stk-dc5f395-container stk--no-background stk--no-padding\"><div class=\"stk-block-content stk-inner-blocks stk-dc5f395-inner-blocks\">\n<figure class=\"wp-block-image size-large\"><img loading=\"lazy\" decoding=\"async\" width=\"683\" height=\"1024\" src=\"https:\/\/fotitos.click\/wp-content\/uploads\/2024\/08\/RRRRR-1234_-683x1024.jpg\" alt=\"\" class=\"wp-image-1426\" srcset=\"https:\/\/fotitos.click\/wp-content\/uploads\/2024\/08\/RRRRR-1234_-683x1024.jpg 683w, https:\/\/fotitos.click\/wp-content\/uploads\/2024\/08\/RRRRR-1234_-200x300.jpg 200w, https:\/\/fotitos.click\/wp-content\/uploads\/2024\/08\/RRRRR-1234_-768x1152.jpg 768w, https:\/\/fotitos.click\/wp-content\/uploads\/2024\/08\/RRRRR-1234_-1024x1536.jpg 1024w, https:\/\/fotitos.click\/wp-content\/uploads\/2024\/08\/RRRRR-1234_-1365x2048.jpg 1365w, https:\/\/fotitos.click\/wp-content\/uploads\/2024\/08\/RRRRR-1234_-300x450.jpg 300w, https:\/\/fotitos.click\/wp-content\/uploads\/2024\/08\/RRRRR-1234_-600x900.jpg 600w, https:\/\/fotitos.click\/wp-content\/uploads\/2024\/08\/RRRRR-1234_-scaled.jpg 1707w\" sizes=\"(max-width: 683px) 100vw, 683px\" \/><\/figure>\n<\/div><\/div><\/div>\n\n\n\n<div class=\"wp-block-stackable-column stk-block-column stk-column stk-block stk-c40daf6\" data-v=\"4\" data-block-id=\"c40daf6\"><style>@media screen and (min-width:768px){.stk-c40daf6{flex:var(--stk-flex-grow,1) 1 25% !important}}<\/style><div class=\"stk-column-wrapper stk-block-column__content stk-container stk-c40daf6-container stk--no-background stk--no-padding\"><div class=\"stk-block-content stk-inner-blocks stk-c40daf6-inner-blocks\">\n<figure class=\"wp-block-image size-large\"><img loading=\"lazy\" decoding=\"async\" width=\"683\" height=\"1024\" src=\"https:\/\/fotitos.click\/wp-content\/uploads\/2024\/03\/A_DSC_2783_-683x1024.jpg\" alt=\"\" class=\"wp-image-1333\" srcset=\"https:\/\/fotitos.click\/wp-content\/uploads\/2024\/03\/A_DSC_2783_-683x1024.jpg 683w, https:\/\/fotitos.click\/wp-content\/uploads\/2024\/03\/A_DSC_2783_-200x300.jpg 200w, https:\/\/fotitos.click\/wp-content\/uploads\/2024\/03\/A_DSC_2783_-768x1152.jpg 768w, https:\/\/fotitos.click\/wp-content\/uploads\/2024\/03\/A_DSC_2783_-1024x1536.jpg 1024w, https:\/\/fotitos.click\/wp-content\/uploads\/2024\/03\/A_DSC_2783_-1365x2048.jpg 1365w, https:\/\/fotitos.click\/wp-content\/uploads\/2024\/03\/A_DSC_2783_-300x450.jpg 300w, https:\/\/fotitos.click\/wp-content\/uploads\/2024\/03\/A_DSC_2783_-600x900.jpg 600w, https:\/\/fotitos.click\/wp-content\/uploads\/2024\/03\/A_DSC_2783_-scaled.jpg 1707w\" sizes=\"(max-width: 683px) 100vw, 683px\" \/><\/figure>\n<\/div><\/div><\/div>\n\n\n\n<div class=\"wp-block-stackable-column stk-block-column stk-column stk-block stk-578dfcf\" data-v=\"4\" data-block-id=\"578dfcf\"><style>@media screen and (min-width:768px){.stk-578dfcf{flex:var(--stk-flex-grow,1) 1 25% !important}}<\/style><div class=\"stk-column-wrapper stk-block-column__content stk-container stk-578dfcf-container stk--no-background stk--no-padding\"><div class=\"stk-block-content stk-inner-blocks stk-578dfcf-inner-blocks\">\n<figure class=\"wp-block-image size-large\"><img loading=\"lazy\" decoding=\"async\" width=\"683\" height=\"1024\" src=\"https:\/\/fotitos.click\/wp-content\/uploads\/2024\/03\/DSC_9826-683x1024.jpg\" alt=\"\" class=\"wp-image-1342\" srcset=\"https:\/\/fotitos.click\/wp-content\/uploads\/2024\/03\/DSC_9826-683x1024.jpg 683w, https:\/\/fotitos.click\/wp-content\/uploads\/2024\/03\/DSC_9826-200x300.jpg 200w, https:\/\/fotitos.click\/wp-content\/uploads\/2024\/03\/DSC_9826-768x1152.jpg 768w, https:\/\/fotitos.click\/wp-content\/uploads\/2024\/03\/DSC_9826-1024x1536.jpg 1024w, https:\/\/fotitos.click\/wp-content\/uploads\/2024\/03\/DSC_9826-1365x2048.jpg 1365w, https:\/\/fotitos.click\/wp-content\/uploads\/2024\/03\/DSC_9826-300x450.jpg 300w, https:\/\/fotitos.click\/wp-content\/uploads\/2024\/03\/DSC_9826-600x900.jpg 600w, https:\/\/fotitos.click\/wp-content\/uploads\/2024\/03\/DSC_9826-scaled.jpg 1707w\" sizes=\"(max-width: 683px) 100vw, 683px\" \/><\/figure>\n<\/div><\/div><\/div>\n\n\n\n<div class=\"wp-block-stackable-column stk-block-column stk-column stk-block stk-6b1235c\" data-v=\"4\" data-block-id=\"6b1235c\"><style>@media screen and (min-width:768px){.stk-6b1235c{flex:var(--stk-flex-grow,1) 1 25% !important}}<\/style><div class=\"stk-column-wrapper stk-block-column__content stk-container stk-6b1235c-container stk--no-background stk--no-padding\"><div class=\"stk-block-content stk-inner-blocks stk-6b1235c-inner-blocks\">\n<figure class=\"wp-block-image size-large\"><img loading=\"lazy\" decoding=\"async\" width=\"640\" height=\"1024\" src=\"https:\/\/fotitos.click\/wp-content\/uploads\/2025\/02\/sesion-de-fotos-ninos-f-640x1024.png\" alt=\"\" class=\"wp-image-1470\" srcset=\"https:\/\/fotitos.click\/wp-content\/uploads\/2025\/02\/sesion-de-fotos-ninos-f-640x1024.png 640w, https:\/\/fotitos.click\/wp-content\/uploads\/2025\/02\/sesion-de-fotos-ninos-f-188x300.png 188w, https:\/\/fotitos.click\/wp-content\/uploads\/2025\/02\/sesion-de-fotos-ninos-f-768x1229.png 768w, https:\/\/fotitos.click\/wp-content\/uploads\/2025\/02\/sesion-de-fotos-ninos-f-960x1536.png 960w, https:\/\/fotitos.click\/wp-content\/uploads\/2025\/02\/sesion-de-fotos-ninos-f-300x480.png 300w, https:\/\/fotitos.click\/wp-content\/uploads\/2025\/02\/sesion-de-fotos-ninos-f-600x960.png 600w, https:\/\/fotitos.click\/wp-content\/uploads\/2025\/02\/sesion-de-fotos-ninos-f.png 1200w\" sizes=\"(max-width: 640px) 100vw, 640px\" \/><\/figure>\n<\/div><\/div><\/div>\n<\/div><\/div>\n\n\n\n<div class=\"wp-block-stackable-columns stk-block-columns stk-block stk-c3a46b8\" data-block-id=\"c3a46b8\"><div class=\"stk-row stk-inner-blocks stk-block-content stk-content-align stk-c3a46b8-column\">\n<div class=\"wp-block-stackable-column stk-block-column stk-column stk-block stk-c226184\" data-v=\"4\" data-block-id=\"c226184\"><style>@media screen and (min-width:768px){.stk-c226184{flex:var(--stk-flex-grow,1) 1 25% !important}}<\/style><div class=\"stk-column-wrapper stk-block-column__content stk-container stk-c226184-container stk--no-background stk--no-padding\"><div class=\"stk-block-content stk-inner-blocks stk-c226184-inner-blocks\">\n<figure class=\"wp-block-image size-large\"><img loading=\"lazy\" decoding=\"async\" width=\"683\" height=\"1024\" src=\"https:\/\/fotitos.click\/wp-content\/uploads\/2024\/03\/DSC_5361-683x1024.jpg\" alt=\"\" class=\"wp-image-1336\" srcset=\"https:\/\/fotitos.click\/wp-content\/uploads\/2024\/03\/DSC_5361-683x1024.jpg 683w, https:\/\/fotitos.click\/wp-content\/uploads\/2024\/03\/DSC_5361-200x300.jpg 200w, https:\/\/fotitos.click\/wp-content\/uploads\/2024\/03\/DSC_5361-768x1152.jpg 768w, https:\/\/fotitos.click\/wp-content\/uploads\/2024\/03\/DSC_5361-1024x1536.jpg 1024w, https:\/\/fotitos.click\/wp-content\/uploads\/2024\/03\/DSC_5361-1365x2048.jpg 1365w, https:\/\/fotitos.click\/wp-content\/uploads\/2024\/03\/DSC_5361-300x450.jpg 300w, https:\/\/fotitos.click\/wp-content\/uploads\/2024\/03\/DSC_5361-600x900.jpg 600w, https:\/\/fotitos.click\/wp-content\/uploads\/2024\/03\/DSC_5361-scaled.jpg 1707w\" sizes=\"(max-width: 683px) 100vw, 683px\" \/><\/figure>\n<\/div><\/div><\/div>\n\n\n\n<div class=\"wp-block-stackable-column stk-block-column stk-column stk-block stk-5f33c3c\" data-v=\"4\" data-block-id=\"5f33c3c\"><style>@media screen and (min-width:768px){.stk-5f33c3c{flex:var(--stk-flex-grow,1) 1 25% !important}}<\/style><div class=\"stk-column-wrapper stk-block-column__content stk-container stk-5f33c3c-container stk--no-background stk--no-padding\"><div class=\"stk-block-content stk-inner-blocks stk-5f33c3c-inner-blocks\">\n<figure class=\"wp-block-image size-large\"><img loading=\"lazy\" decoding=\"async\" width=\"683\" height=\"1024\" src=\"https:\/\/fotitos.click\/wp-content\/uploads\/2024\/03\/DSC_5358-683x1024.jpg\" alt=\"\" class=\"wp-image-1337\" srcset=\"https:\/\/fotitos.click\/wp-content\/uploads\/2024\/03\/DSC_5358-683x1024.jpg 683w, https:\/\/fotitos.click\/wp-content\/uploads\/2024\/03\/DSC_5358-200x300.jpg 200w, https:\/\/fotitos.click\/wp-content\/uploads\/2024\/03\/DSC_5358-768x1152.jpg 768w, https:\/\/fotitos.click\/wp-content\/uploads\/2024\/03\/DSC_5358-1024x1536.jpg 1024w, https:\/\/fotitos.click\/wp-content\/uploads\/2024\/03\/DSC_5358-1365x2048.jpg 1365w, https:\/\/fotitos.click\/wp-content\/uploads\/2024\/03\/DSC_5358-300x450.jpg 300w, https:\/\/fotitos.click\/wp-content\/uploads\/2024\/03\/DSC_5358-600x900.jpg 600w, https:\/\/fotitos.click\/wp-content\/uploads\/2024\/03\/DSC_5358-scaled.jpg 1707w\" sizes=\"(max-width: 683px) 100vw, 683px\" \/><\/figure>\n<\/div><\/div><\/div>\n\n\n\n<div class=\"wp-block-stackable-column stk-block-column stk-column stk-block stk-dc18820\" data-v=\"4\" data-block-id=\"dc18820\"><style>@media screen and (min-width:768px){.stk-dc18820{flex:var(--stk-flex-grow,1) 1 25% !important}}<\/style><div class=\"stk-column-wrapper stk-block-column__content stk-container stk-dc18820-container stk--no-background stk--no-padding\"><div class=\"stk-block-content stk-inner-blocks stk-dc18820-inner-blocks\">\n<figure class=\"wp-block-image size-large\"><img loading=\"lazy\" decoding=\"async\" width=\"683\" height=\"1024\" src=\"https:\/\/fotitos.click\/wp-content\/uploads\/2024\/03\/DSC_1198__-683x1024.jpg\" alt=\"\" class=\"wp-image-1338\" srcset=\"https:\/\/fotitos.click\/wp-content\/uploads\/2024\/03\/DSC_1198__-683x1024.jpg 683w, https:\/\/fotitos.click\/wp-content\/uploads\/2024\/03\/DSC_1198__-200x300.jpg 200w, https:\/\/fotitos.click\/wp-content\/uploads\/2024\/03\/DSC_1198__-768x1152.jpg 768w, https:\/\/fotitos.click\/wp-content\/uploads\/2024\/03\/DSC_1198__-1024x1536.jpg 1024w, https:\/\/fotitos.click\/wp-content\/uploads\/2024\/03\/DSC_1198__-1365x2048.jpg 1365w, https:\/\/fotitos.click\/wp-content\/uploads\/2024\/03\/DSC_1198__-300x450.jpg 300w, https:\/\/fotitos.click\/wp-content\/uploads\/2024\/03\/DSC_1198__-600x900.jpg 600w, https:\/\/fotitos.click\/wp-content\/uploads\/2024\/03\/DSC_1198__-scaled.jpg 1706w\" sizes=\"(max-width: 683px) 100vw, 683px\" \/><\/figure>\n<\/div><\/div><\/div>\n\n\n\n<div class=\"wp-block-stackable-column stk-block-column stk-column stk-block stk-c105d49\" data-v=\"4\" data-block-id=\"c105d49\"><style>@media screen and (min-width:768px){.stk-c105d49{flex:var(--stk-flex-grow,1) 1 25% !important}}<\/style><div class=\"stk-column-wrapper stk-block-column__content stk-container stk-c105d49-container stk--no-background stk--no-padding\"><div class=\"stk-block-content stk-inner-blocks stk-c105d49-inner-blocks\">\n<figure class=\"wp-block-image size-large\"><img loading=\"lazy\" decoding=\"async\" width=\"683\" height=\"1024\" src=\"https:\/\/fotitos.click\/wp-content\/uploads\/2024\/03\/DSC_8076-copia_-683x1024.jpg\" alt=\"\" class=\"wp-image-1340\" srcset=\"https:\/\/fotitos.click\/wp-content\/uploads\/2024\/03\/DSC_8076-copia_-683x1024.jpg 683w, https:\/\/fotitos.click\/wp-content\/uploads\/2024\/03\/DSC_8076-copia_-200x300.jpg 200w, https:\/\/fotitos.click\/wp-content\/uploads\/2024\/03\/DSC_8076-copia_-768x1152.jpg 768w, https:\/\/fotitos.click\/wp-content\/uploads\/2024\/03\/DSC_8076-copia_-1024x1536.jpg 1024w, https:\/\/fotitos.click\/wp-content\/uploads\/2024\/03\/DSC_8076-copia_-1365x2048.jpg 1365w, https:\/\/fotitos.click\/wp-content\/uploads\/2024\/03\/DSC_8076-copia_-300x450.jpg 300w, https:\/\/fotitos.click\/wp-content\/uploads\/2024\/03\/DSC_8076-copia_-600x900.jpg 600w, https:\/\/fotitos.click\/wp-content\/uploads\/2024\/03\/DSC_8076-copia_-scaled.jpg 1707w\" sizes=\"(max-width: 683px) 100vw, 683px\" \/><\/figure>\n<\/div><\/div><\/div>\n<\/div><\/div>\n\n\n\n<p><strong>\u00bfLas sesiones son previa reserva?<\/strong><br><strong>La reserva es importante que la realice lo antes posible<\/strong>&nbsp;para poder organizar nuestra agenda, especialmente si tienes una fecha espec\u00edfica en mente o si quieres asegurarte.<\/p>\n\n\n\n<p><strong>\u00bfD\u00f3nde se encuentra el estudio?<\/strong><br>Mi estudio est\u00e1 ubicado en Santa Clara \u2013 Ate \u2013 Vitarte \u2013 Lima \u2013 Per\u00fa, con f\u00e1cil acceso. Se<br>encuentra a 2 cuadras del parque principal de Santa Clara \u2013 Ate.<\/p>\n\n\n\n<p><strong>\u00bfQu\u00e9 tengo que llevar?<\/strong><br>Es recomendable llevar ropa que les haga sentir c\u00f3modos y seguros. Adem\u00e1s, pueden traer accesorios o cualquier otro elemento que deseen incorporar a sus fotos.<\/p>\n\n\n\n<p><strong>\u00bfPuedo seleccionar m\u00e1s fotos de la sesi\u00f3n?<\/strong><br>-S\u00ed, por cada foto adicional editado e impreso en 15\u00d721 es de S\/ 10.00 soles C\/U.<\/p>\n\n\n\n<p><strong>\u00bfTenes alguna otra duda?<\/strong><\/p>\n\n\n\n<div class=\"wp-block-stackable-columns stk-block-columns stk-block stk-585dcc1\" data-block-id=\"585dcc1\"><div class=\"stk-row stk-inner-blocks stk-block-content stk-content-align stk-585dcc1-column\">\n<div class=\"wp-block-stackable-column stk-block-column stk-column stk-block stk-24675a6\" data-v=\"4\" data-block-id=\"24675a6\"><div class=\"stk-column-wrapper stk-block-column__content stk-container stk-24675a6-container stk--no-background stk--no-padding\"><div class=\"stk-block-content stk-inner-blocks stk-24675a6-inner-blocks\">\n<div class=\"wp-block-stackable-heading stk-block-heading stk-block-heading--v2 stk-block stk-cce17f2\" id=\"sesion-standard\" data-block-id=\"cce17f2\"><h2 class=\"stk-block-heading__text\">Sesi\u00f3n Standard<\/h2><\/div>\n\n\n\n<p>&#8211; 10 Fotograf\u00edas digitales editadas en alta resoluci\u00f3n e impresas en 15x21cm.<br>-1 ampliaci\u00f3n en 30x45cm.<br>&#8211; La sesi\u00f3n se puede realizar en estudio &#8211; Exterior (No incluye costo de movilidad).<br>&#8211; Fondo personalizado<br>-Torta personalizada<br>&#8211; 1 cambio<br>-Duraci\u00f3n 40 a 1 hora aprox.<br><br><strong>Precio:                                               S\/ 300.00<\/strong><br><strong>Combo sesi\u00f3n + cuadro 30x45cm= S\/ 350.00<\/strong><\/p>\n\n\n\n<div class=\"wp-block-stackable-subtitle stk-block-subtitle stk-block stk-a63e78d\" data-block-id=\"a63e78d\"><p class=\"stk-block-subtitle__text stk-subtitle\"><strong>\u200bFotos en santa Clara Ate Vitarte &#8211; Fotitos <\/strong><\/p><\/div>\n<\/div><\/div><\/div>\n\n\n\n<div class=\"wp-block-stackable-column stk-block-column stk-column stk-block stk-28a3f61\" data-v=\"4\" data-block-id=\"28a3f61\"><div class=\"stk-column-wrapper stk-block-column__content stk-container stk-28a3f61-container stk--no-background stk--no-padding\"><div class=\"stk-block-content stk-inner-blocks stk-28a3f61-inner-blocks\">\n<div class=\"wp-block-stackable-heading stk-block-heading stk-block-heading--v2 stk-block stk-a4ee94c\" id=\"sesion-premium\" data-block-id=\"a4ee94c\"><h2 class=\"stk-block-heading__text\">Sesi\u00f3n Premium<\/h2><\/div>\n\n\n\n<p>&#8211; 20 Fotos digitales y editadas en alta resoluci\u00f3n. <br>&#8211; 2 Cuadros 30x45cm<br>&#8211; 1 fondo tem\u00e1tica<br>&#8211; 1 fondo de galer\u00eda<br>&#8211; 1 Pastel personalizado<br>&#8211; Book 30x60cm (16 p\u00e1g.- 8 Hojas)<br>&#8211; Entrega de todas las fotos digitales<br>&#8211; Clip video con las mejores fotos.<\/p>\n\n\n\n<p>\u200b<strong>Precio: S\/600.00<\/strong><\/p>\n\n\n\n<p>Entrega en 15 a 20 d\u00edas m\u00e1ximo.<\/p>\n<\/div><\/div><\/div>\n<\/div><\/div>\n","protected":false},"excerpt":{"rendered":"<p>\u00a1Celebra la dulzura y la diversi\u00f3n de la infancia con una sesi\u00f3n de fotos inolvidable para tu peque\u00f1o! En nuestro estudio, capturamos cada risa, cada gesto y cada momento especial. Ven y crea recuerdos que durar\u00e1n toda la vida. \u00a1Reserva ahora y deja que la magia comience! \u00bfLas sesiones son previa reserva?La reserva es importante [&hellip;]<\/p>\n","protected":false},"author":1,"featured_media":0,"parent":0,"menu_order":0,"comment_status":"closed","ping_status":"closed","template":"","meta":{"footnotes":""},"blocksy_meta":"","featured_image_urls":{"full":"","thumbnail":"","medium":"","medium_large":"","large":"","1536x1536":"","2048x2048":"","woocommerce_thumbnail":"","woocommerce_single":"","woocommerce_gallery_thumbnail":""},"post_excerpt_stackable":"<p>\u00a1Celebra la dulzura y la diversi\u00f3n de la infancia con una sesi\u00f3n de fotos inolvidable para tu peque\u00f1o! En nuestro estudio, capturamos cada risa, cada gesto y cada momento especial. Ven y crea recuerdos que durar\u00e1n toda la vida. \u00a1Reserva ahora y deja que la magia comience! \u00bfLas sesiones son previa reserva?La reserva es importante que la realice lo antes posible&nbsp;para poder organizar nuestra agenda, especialmente si tienes una fecha espec\u00edfica en mente o si quieres asegurarte. \u00bfD\u00f3nde se encuentra el estudio?Mi estudio est\u00e1 ubicado en Santa Clara \u2013 Ate \u2013 Vitarte \u2013 Lima \u2013 Per\u00fa, con f\u00e1cil acceso. Seencuentra&hellip;<\/p>\n","category_list":"","author_info":{"name":"Doris","url":"https:\/\/fotitos.click\/index.php\/author\/doris\/"},"comments_num":"0 comentarios","_links":{"self":[{"href":"https:\/\/fotitos.click\/index.php\/wp-json\/wp\/v2\/pages\/725"}],"collection":[{"href":"https:\/\/fotitos.click\/index.php\/wp-json\/wp\/v2\/pages"}],"about":[{"href":"https:\/\/fotitos.click\/index.php\/wp-json\/wp\/v2\/types\/page"}],"author":[{"embeddable":true,"href":"https:\/\/fotitos.click\/index.php\/wp-json\/wp\/v2\/users\/1"}],"replies":[{"embeddable":true,"href":"https:\/\/fotitos.click\/index.php\/wp-json\/wp\/v2\/comments?post=725"}],"version-history":[{"count":12,"href":"https:\/\/fotitos.click\/index.php\/wp-json\/wp\/v2\/pages\/725\/revisions"}],"predecessor-version":[{"id":1471,"href":"https:\/\/fotitos.click\/index.php\/wp-json\/wp\/v2\/pages\/725\/revisions\/1471"}],"wp:attachment":[{"href":"https:\/\/fotitos.click\/index.php\/wp-json\/wp\/v2\/media?parent=725"}],"curies":[{"name":"wp","href":"https:\/\/api.w.org\/{rel}","templated":true}]}}