{"id":724,"date":"2023-10-20T20:05:50","date_gmt":"2023-10-21T01:05:50","guid":{"rendered":"https:\/\/fotitos.click\/?page_id=724"},"modified":"2026-03-28T22:25:07","modified_gmt":"2026-03-29T03:25:07","slug":"sesion-15-anos","status":"publish","type":"page","link":"https:\/\/fotitos.click\/index.php\/sesion-15-anos\/","title":{"rendered":"Sesi\u00f3n 15 a\u00f1os"},"content":{"rendered":"\n<p>\u00a1Celebra tus quince primaveras con una sesi\u00f3n de fotos \u00fanica y especial! Captura la belleza y la esencia de esta etapa tan importante de tu vida con im\u00e1genes que te acompa\u00f1ar\u00e1n para siempre. Deja que inmortalice tu juventud, tu estilo y tu personalidad en una sesi\u00f3n que ser\u00e1 todo un sue\u00f1o hecho realidad. \u00a1Haz de tus quince a\u00f1os un momento inolvidable!<\/p>\n\n\n\n<div class=\"wp-block-stackable-columns stk-block-columns stk-block stk-a85467f\" data-block-id=\"a85467f\"><div class=\"stk-row stk-inner-blocks stk-block-content stk-content-align stk-a85467f-column\">\n<div class=\"wp-block-stackable-column stk-block-column stk-column stk-block stk-336c2b7\" data-v=\"4\" data-block-id=\"336c2b7\"><style>@media screen and (min-width:768px){.stk-336c2b7{flex:var(--stk-flex-grow,1) 1 calc(25% - var(--stk-column-gap,0px) * 2 \/ 3 ) !important}}<\/style><div class=\"stk-column-wrapper stk-block-column__content stk-container stk-336c2b7-container stk--no-background stk--no-padding\"><div class=\"stk-block-content stk-inner-blocks stk-336c2b7-inner-blocks\">\n<figure class=\"wp-block-image size-large is-resized\"><img loading=\"lazy\" decoding=\"async\" width=\"683\" height=\"1024\" src=\"https:\/\/fotitos.click\/wp-content\/uploads\/2025\/08\/sesion-de-fotos-quince-anos-quinceanera-fotografia-XV-17-683x1024.png\" alt=\"\" class=\"wp-image-1503\" style=\"width:309px;height:auto\" srcset=\"https:\/\/fotitos.click\/wp-content\/uploads\/2025\/08\/sesion-de-fotos-quince-anos-quinceanera-fotografia-XV-17-683x1024.png 683w, https:\/\/fotitos.click\/wp-content\/uploads\/2025\/08\/sesion-de-fotos-quince-anos-quinceanera-fotografia-XV-17-200x300.png 200w, https:\/\/fotitos.click\/wp-content\/uploads\/2025\/08\/sesion-de-fotos-quince-anos-quinceanera-fotografia-XV-17-768x1152.png 768w, https:\/\/fotitos.click\/wp-content\/uploads\/2025\/08\/sesion-de-fotos-quince-anos-quinceanera-fotografia-XV-17-1024x1536.png 1024w, https:\/\/fotitos.click\/wp-content\/uploads\/2025\/08\/sesion-de-fotos-quince-anos-quinceanera-fotografia-XV-17-300x450.png 300w, https:\/\/fotitos.click\/wp-content\/uploads\/2025\/08\/sesion-de-fotos-quince-anos-quinceanera-fotografia-XV-17-600x900.png 600w, https:\/\/fotitos.click\/wp-content\/uploads\/2025\/08\/sesion-de-fotos-quince-anos-quinceanera-fotografia-XV-17.png 1200w\" sizes=\"(max-width: 683px) 100vw, 683px\" \/><\/figure>\n<\/div><\/div><\/div>\n\n\n\n<div class=\"wp-block-stackable-column stk-block-column stk-column stk-block stk-e175c55\" data-v=\"4\" data-block-id=\"e175c55\"><style>@media screen and (min-width:768px){.stk-e175c55{flex:var(--stk-flex-grow,1) 1 calc(25% - var(--stk-column-gap,0px) * 2 \/ 3 ) !important}}<\/style><div class=\"stk-column-wrapper stk-block-column__content stk-container stk-e175c55-container stk--no-background stk--no-padding\"><div class=\"stk-block-content stk-inner-blocks stk-e175c55-inner-blocks\">\n<figure class=\"wp-block-image size-large is-resized\"><img loading=\"lazy\" decoding=\"async\" width=\"683\" height=\"1024\" src=\"https:\/\/fotitos.click\/wp-content\/uploads\/2024\/03\/5-anos-_-sesion-fotos-Estamos-ubicados-en-Santa-clara-Ate-Vitarte-3-683x1024.png\" alt=\"\" class=\"wp-image-1272\" style=\"width:307px;height:auto\" srcset=\"https:\/\/fotitos.click\/wp-content\/uploads\/2024\/03\/5-anos-_-sesion-fotos-Estamos-ubicados-en-Santa-clara-Ate-Vitarte-3-683x1024.png 683w, https:\/\/fotitos.click\/wp-content\/uploads\/2024\/03\/5-anos-_-sesion-fotos-Estamos-ubicados-en-Santa-clara-Ate-Vitarte-3-200x300.png 200w, https:\/\/fotitos.click\/wp-content\/uploads\/2024\/03\/5-anos-_-sesion-fotos-Estamos-ubicados-en-Santa-clara-Ate-Vitarte-3-768x1152.png 768w, https:\/\/fotitos.click\/wp-content\/uploads\/2024\/03\/5-anos-_-sesion-fotos-Estamos-ubicados-en-Santa-clara-Ate-Vitarte-3-1024x1536.png 1024w, https:\/\/fotitos.click\/wp-content\/uploads\/2024\/03\/5-anos-_-sesion-fotos-Estamos-ubicados-en-Santa-clara-Ate-Vitarte-3-300x450.png 300w, https:\/\/fotitos.click\/wp-content\/uploads\/2024\/03\/5-anos-_-sesion-fotos-Estamos-ubicados-en-Santa-clara-Ate-Vitarte-3-600x900.png 600w, https:\/\/fotitos.click\/wp-content\/uploads\/2024\/03\/5-anos-_-sesion-fotos-Estamos-ubicados-en-Santa-clara-Ate-Vitarte-3.png 1200w\" sizes=\"(max-width: 683px) 100vw, 683px\" \/><\/figure>\n<\/div><\/div><\/div>\n\n\n\n<div class=\"wp-block-stackable-column stk-block-column stk-column stk-block stk-81347f1\" data-v=\"4\" data-block-id=\"81347f1\"><style>@media screen and (min-width:768px){.stk-81347f1{flex:var(--stk-flex-grow,1) 1 calc(50% - var(--stk-column-gap,0px) * 2 \/ 3 ) !important}}<\/style><div class=\"stk-column-wrapper stk-block-column__content stk-container stk-81347f1-container stk--no-background stk--no-padding\"><div class=\"stk-block-content stk-inner-blocks stk-81347f1-inner-blocks\">\n<figure class=\"wp-block-image size-large is-resized\"><img loading=\"lazy\" decoding=\"async\" width=\"1024\" height=\"683\" src=\"https:\/\/fotitos.click\/wp-content\/uploads\/2025\/08\/sesion-de-fotos-quince-anos-quinceanera-fotografia-XV-24-1024x683.png\" alt=\"\" class=\"wp-image-1504\" style=\"width:636px;height:auto\" srcset=\"https:\/\/fotitos.click\/wp-content\/uploads\/2025\/08\/sesion-de-fotos-quince-anos-quinceanera-fotografia-XV-24-1024x683.png 1024w, https:\/\/fotitos.click\/wp-content\/uploads\/2025\/08\/sesion-de-fotos-quince-anos-quinceanera-fotografia-XV-24-300x200.png 300w, https:\/\/fotitos.click\/wp-content\/uploads\/2025\/08\/sesion-de-fotos-quince-anos-quinceanera-fotografia-XV-24-768x512.png 768w, https:\/\/fotitos.click\/wp-content\/uploads\/2025\/08\/sesion-de-fotos-quince-anos-quinceanera-fotografia-XV-24-1536x1024.png 1536w, https:\/\/fotitos.click\/wp-content\/uploads\/2025\/08\/sesion-de-fotos-quince-anos-quinceanera-fotografia-XV-24-600x400.png 600w, https:\/\/fotitos.click\/wp-content\/uploads\/2025\/08\/sesion-de-fotos-quince-anos-quinceanera-fotografia-XV-24.png 1800w\" sizes=\"(max-width: 1024px) 100vw, 1024px\" \/><\/figure>\n<\/div><\/div><\/div>\n<\/div><\/div>\n\n\n\n<div class=\"wp-block-stackable-columns stk-block-columns stk-block stk-9ba56fd\" data-block-id=\"9ba56fd\"><div class=\"stk-row stk-inner-blocks stk-block-content stk-content-align stk-9ba56fd-column\">\n<div class=\"wp-block-stackable-column stk-block-column stk-column stk-block stk-e74e600\" data-v=\"4\" data-block-id=\"e74e600\"><style>@media screen and (min-width:768px){.stk-e74e600{flex:var(--stk-flex-grow,1) 1 25% !important}}<\/style><div class=\"stk-column-wrapper stk-block-column__content stk-container stk-e74e600-container stk--no-background stk--no-padding\"><div class=\"stk-block-content stk-inner-blocks stk-e74e600-inner-blocks\">\n<figure class=\"wp-block-image size-large\"><img loading=\"lazy\" decoding=\"async\" width=\"683\" height=\"1024\" src=\"https:\/\/fotitos.click\/wp-content\/uploads\/2025\/08\/sesion-de-fotos-quince-anos-quinceanera-fotografia-XV-00001-683x1024.png\" alt=\"\" class=\"wp-image-1498\" srcset=\"https:\/\/fotitos.click\/wp-content\/uploads\/2025\/08\/sesion-de-fotos-quince-anos-quinceanera-fotografia-XV-00001-683x1024.png 683w, https:\/\/fotitos.click\/wp-content\/uploads\/2025\/08\/sesion-de-fotos-quince-anos-quinceanera-fotografia-XV-00001-200x300.png 200w, https:\/\/fotitos.click\/wp-content\/uploads\/2025\/08\/sesion-de-fotos-quince-anos-quinceanera-fotografia-XV-00001-768x1152.png 768w, https:\/\/fotitos.click\/wp-content\/uploads\/2025\/08\/sesion-de-fotos-quince-anos-quinceanera-fotografia-XV-00001-1024x1536.png 1024w, https:\/\/fotitos.click\/wp-content\/uploads\/2025\/08\/sesion-de-fotos-quince-anos-quinceanera-fotografia-XV-00001-300x450.png 300w, https:\/\/fotitos.click\/wp-content\/uploads\/2025\/08\/sesion-de-fotos-quince-anos-quinceanera-fotografia-XV-00001-600x900.png 600w, https:\/\/fotitos.click\/wp-content\/uploads\/2025\/08\/sesion-de-fotos-quince-anos-quinceanera-fotografia-XV-00001.png 1200w\" sizes=\"(max-width: 683px) 100vw, 683px\" \/><\/figure>\n<\/div><\/div><\/div>\n\n\n\n<div class=\"wp-block-stackable-column stk-block-column stk-column stk-block stk-560df68\" data-v=\"4\" data-block-id=\"560df68\"><style>@media screen and (min-width:768px){.stk-560df68{flex:var(--stk-flex-grow,1) 1 25% !important}}<\/style><div class=\"stk-column-wrapper stk-block-column__content stk-container stk-560df68-container stk--no-background stk--no-padding\"><div class=\"stk-block-content stk-inner-blocks stk-560df68-inner-blocks\">\n<figure class=\"wp-block-image size-large\"><img loading=\"lazy\" decoding=\"async\" width=\"683\" height=\"1024\" src=\"https:\/\/fotitos.click\/wp-content\/uploads\/2025\/08\/sesion-de-fotos-quince-anos-quinceanera-fotografia-XV-7-683x1024.png\" alt=\"\" class=\"wp-image-1499\" srcset=\"https:\/\/fotitos.click\/wp-content\/uploads\/2025\/08\/sesion-de-fotos-quince-anos-quinceanera-fotografia-XV-7-683x1024.png 683w, https:\/\/fotitos.click\/wp-content\/uploads\/2025\/08\/sesion-de-fotos-quince-anos-quinceanera-fotografia-XV-7-200x300.png 200w, https:\/\/fotitos.click\/wp-content\/uploads\/2025\/08\/sesion-de-fotos-quince-anos-quinceanera-fotografia-XV-7-768x1152.png 768w, https:\/\/fotitos.click\/wp-content\/uploads\/2025\/08\/sesion-de-fotos-quince-anos-quinceanera-fotografia-XV-7-1024x1536.png 1024w, https:\/\/fotitos.click\/wp-content\/uploads\/2025\/08\/sesion-de-fotos-quince-anos-quinceanera-fotografia-XV-7-300x450.png 300w, https:\/\/fotitos.click\/wp-content\/uploads\/2025\/08\/sesion-de-fotos-quince-anos-quinceanera-fotografia-XV-7-600x900.png 600w, https:\/\/fotitos.click\/wp-content\/uploads\/2025\/08\/sesion-de-fotos-quince-anos-quinceanera-fotografia-XV-7.png 1200w\" sizes=\"(max-width: 683px) 100vw, 683px\" \/><\/figure>\n<\/div><\/div><\/div>\n\n\n\n<div class=\"wp-block-stackable-column stk-block-column stk-column stk-block stk-ff8a11f\" data-v=\"4\" data-block-id=\"ff8a11f\"><style>@media screen and (min-width:768px){.stk-ff8a11f{flex:var(--stk-flex-grow,1) 1 25% !important}}<\/style><div class=\"stk-column-wrapper stk-block-column__content stk-container stk-ff8a11f-container stk--no-background stk--no-padding\"><div class=\"stk-block-content stk-inner-blocks stk-ff8a11f-inner-blocks\">\n<figure class=\"wp-block-image size-large\"><img loading=\"lazy\" decoding=\"async\" width=\"683\" height=\"1024\" src=\"https:\/\/fotitos.click\/wp-content\/uploads\/2025\/08\/sesion-de-fotos-quince-anos-quinceanera-fotografia-XV-10-683x1024.png\" alt=\"\" class=\"wp-image-1500\" srcset=\"https:\/\/fotitos.click\/wp-content\/uploads\/2025\/08\/sesion-de-fotos-quince-anos-quinceanera-fotografia-XV-10-683x1024.png 683w, https:\/\/fotitos.click\/wp-content\/uploads\/2025\/08\/sesion-de-fotos-quince-anos-quinceanera-fotografia-XV-10-200x300.png 200w, https:\/\/fotitos.click\/wp-content\/uploads\/2025\/08\/sesion-de-fotos-quince-anos-quinceanera-fotografia-XV-10-768x1152.png 768w, https:\/\/fotitos.click\/wp-content\/uploads\/2025\/08\/sesion-de-fotos-quince-anos-quinceanera-fotografia-XV-10-1024x1536.png 1024w, https:\/\/fotitos.click\/wp-content\/uploads\/2025\/08\/sesion-de-fotos-quince-anos-quinceanera-fotografia-XV-10-300x450.png 300w, https:\/\/fotitos.click\/wp-content\/uploads\/2025\/08\/sesion-de-fotos-quince-anos-quinceanera-fotografia-XV-10-600x900.png 600w, https:\/\/fotitos.click\/wp-content\/uploads\/2025\/08\/sesion-de-fotos-quince-anos-quinceanera-fotografia-XV-10.png 1200w\" sizes=\"(max-width: 683px) 100vw, 683px\" \/><\/figure>\n<\/div><\/div><\/div>\n\n\n\n<div class=\"wp-block-stackable-column stk-block-column stk-column stk-block stk-5da4d21\" data-v=\"4\" data-block-id=\"5da4d21\"><style>@media screen and (min-width:768px){.stk-5da4d21{flex:var(--stk-flex-grow,1) 1 25% !important}}<\/style><div class=\"stk-column-wrapper stk-block-column__content stk-container stk-5da4d21-container stk--no-background stk--no-padding\"><div class=\"stk-block-content stk-inner-blocks stk-5da4d21-inner-blocks\">\n<figure class=\"wp-block-image size-large\"><img loading=\"lazy\" decoding=\"async\" width=\"683\" height=\"1024\" src=\"https:\/\/fotitos.click\/wp-content\/uploads\/2025\/08\/sesion-de-fotos-quince-anos-quinceanera-fotografia-XV-5-683x1024.png\" alt=\"\" class=\"wp-image-1501\" srcset=\"https:\/\/fotitos.click\/wp-content\/uploads\/2025\/08\/sesion-de-fotos-quince-anos-quinceanera-fotografia-XV-5-683x1024.png 683w, https:\/\/fotitos.click\/wp-content\/uploads\/2025\/08\/sesion-de-fotos-quince-anos-quinceanera-fotografia-XV-5-200x300.png 200w, https:\/\/fotitos.click\/wp-content\/uploads\/2025\/08\/sesion-de-fotos-quince-anos-quinceanera-fotografia-XV-5-768x1152.png 768w, https:\/\/fotitos.click\/wp-content\/uploads\/2025\/08\/sesion-de-fotos-quince-anos-quinceanera-fotografia-XV-5-1024x1536.png 1024w, https:\/\/fotitos.click\/wp-content\/uploads\/2025\/08\/sesion-de-fotos-quince-anos-quinceanera-fotografia-XV-5-300x450.png 300w, https:\/\/fotitos.click\/wp-content\/uploads\/2025\/08\/sesion-de-fotos-quince-anos-quinceanera-fotografia-XV-5-600x900.png 600w, https:\/\/fotitos.click\/wp-content\/uploads\/2025\/08\/sesion-de-fotos-quince-anos-quinceanera-fotografia-XV-5.png 1200w\" sizes=\"(max-width: 683px) 100vw, 683px\" \/><\/figure>\n<\/div><\/div><\/div>\n<\/div><\/div>\n\n\n\n<div class=\"wp-block-stackable-heading stk-block-heading stk-block-heading--v2 stk-block stk-bba8c22\" id=\"preguntas-frecuentes-sobre-la-sesion-de-fotos-15-anos\" data-block-id=\"bba8c22\"><h2 class=\"stk-block-heading__text\">Preguntas frecuentes sobre la sesi\u00f3n de fotos 15 a\u00f1os.<\/h2><\/div>\n\n\n\n<div class=\"wp-block-stackable-subtitle stk-block-subtitle stk-block stk-fec4614\" data-block-id=\"fec4614\"><style>.stk-fec4614 .stk-block-subtitle__text{font-size:20px !important}@media screen and (max-width:1023px){.stk-fec4614 .stk-block-subtitle__text{font-size:20px !important}}<\/style><p class=\"stk-block-subtitle__text stk-subtitle\"><strong>\u00bfLas sesiones son previa reserva?<\/strong><br><strong>La reserva es importante que la realice lo antes posible<\/strong>&nbsp;para poder organizar nuestra agenda, especialmente si tienes una fecha espec\u00edfica en mente o si quieres asegurarte.<\/p><\/div>\n\n\n\n<p class=\"has-medium-font-size\"><strong>\u00bfD\u00f3nde se encuentra el estudio?<\/strong><br>Mi estudio est\u00e1 ubicado en Santa Clara &#8211; Ate &#8211; Vitarte &#8211; Lima &#8211; Per\u00fa, con f\u00e1cil acceso. Se<br>encuentra a 2 cuadras del parque principal de Santa Clara &#8211; Ate.<\/p>\n\n\n\n<p class=\"has-medium-font-size\"><strong>\u00bfQu\u00e9 tengo que llevar?<\/strong><br>Es recomendable llevar ropa que te hagan sentir c\u00f3moda y segura. Adem\u00e1s, puedes traer accesorios como joyas, sombreros, flores o cualquier otro elemento que desees incorporar a tus fotos.<\/p>\n\n\n\n<p class=\"has-medium-font-size\"><strong>\u00bfPuedo seleccionar m\u00e1s fotos de la sesi\u00f3n?<\/strong><br>-S\u00ed, por cada foto adicional editado e impreso en 15&#215;21 es de S\/ 10.00 soles C\/U.<\/p>\n\n\n\n<div class=\"wp-block-group is-vertical is-layout-flex wp-container-core-group-is-layout-1 wp-block-group-is-layout-flex\">\n<p class=\"has-medium-font-size\"><strong>\u00bfD\u00f3nde se llevar\u00e1 a cabo la sesi\u00f3n de fotos?<\/strong><br>El lugar de la sesi\u00f3n de fotos depender\u00e1 de tus preferencias y del estilo que desees. Puedes elegir entre hacer las fotos en el estudio fotogr\u00e1fico, en exteriores como parques, playa, domicilio o incluso en lugares emblem\u00e1ticos de Lima.<\/p>\n\n\n\n<p class=\"has-medium-font-size\"><strong>\u00bfPuedo imprimir mis fotos en diferentes tama\u00f1os?<\/strong> <br>S\u00ed, por lo general, puedes solicitar impresiones en una variedad de tama\u00f1os, desde fotos est\u00e1ndar hasta grandes impresiones en lienzo, el costo de las impresiones depende el tama\u00f1o deseado.<\/p>\n<\/div>\n\n\n\n<p class=\"has-medium-font-size\"><strong>\u00bfTenes alguna otra duda?<\/strong><\/p>\n\n\n\n<div class=\"wp-block-stackable-columns stk-block-columns stk-block stk-585dcc1\" data-block-id=\"585dcc1\"><div class=\"stk-row stk-inner-blocks stk-block-content stk-content-align stk-585dcc1-column\">\n<div class=\"wp-block-stackable-column stk-block-column stk-column stk-block stk-24675a6\" data-v=\"4\" data-block-id=\"24675a6\"><div class=\"stk-column-wrapper stk-block-column__content stk-container stk-24675a6-container stk--no-background stk--no-padding\"><div class=\"stk-block-content stk-inner-blocks stk-24675a6-inner-blocks\">\n<div class=\"wp-block-stackable-heading stk-block-heading stk-block-heading--v2 stk-block stk-cce17f2\" id=\"sesion-standard\" data-block-id=\"cce17f2\"><h2 class=\"stk-block-heading__text\">Sesi\u00f3n Standard<\/h2><\/div>\n\n\n\n<p>&#8211; 10 Fotograf\u00edas digitales editadas en alta resoluci\u00f3n e impresas en 15x21cm.<br>-1 ampliaci\u00f3n en 30x45cm.<br>&#8211; La sesi\u00f3n se puede realizar en estudio &#8211; Exterior (No incluye costo de movilidad).<br>-Duraci\u00f3n 40 a 1 hora aprox.<br><br><strong>Precio:                                               S\/ 150.00<\/strong><br><strong>Combo sesi\u00f3n + cuadro firmas= S\/ 200.00<\/strong><br>(En estudio)<\/p>\n\n\n\n<p>\u200b<strong>\u200bFotos en santa Clara Ate Vitarte &#8211; Fotitos <\/strong><\/p>\n<\/div><\/div><\/div>\n\n\n\n<div class=\"wp-block-stackable-column stk-block-column stk-column stk-block stk-28a3f61\" data-v=\"4\" data-block-id=\"28a3f61\"><div class=\"stk-column-wrapper stk-block-column__content stk-container stk-28a3f61-container stk--no-background stk--no-padding\"><div class=\"stk-block-content stk-inner-blocks stk-28a3f61-inner-blocks\">\n<div class=\"wp-block-stackable-heading stk-block-heading stk-block-heading--v2 stk-block stk-a4ee94c\" id=\"sesion-premium\" data-block-id=\"a4ee94c\"><h2 class=\"stk-block-heading__text\">Sesi\u00f3n Premium<\/h2><\/div>\n\n\n\n<p>&#8211; Cuadro firmas 30x45cm<br>&#8211; Sesi\u00f3n 25 Fotos<br>&#8211; 1 Book de 30&#215;60 (20 p\u00e1g. &#8211; 10 Hojas) con las mejores fotos.<br>&#8211; Entrega total de las fotos digitales<br>&#8211; Clip video con las mejores fotos.<\/p>\n\n\n\n<p>\u200b<strong>Precio: S\/550.00<\/strong><\/p>\n\n\n\n<p>Entrega en 15 a 20 d\u00edas aprox.<\/p>\n<\/div><\/div><\/div>\n<\/div><\/div>\n","protected":false},"excerpt":{"rendered":"<p>\u00a1Celebra tus quince primaveras con una sesi\u00f3n de fotos \u00fanica y especial! Captura la belleza y la esencia de esta etapa tan importante de tu vida con im\u00e1genes que te acompa\u00f1ar\u00e1n para siempre. Deja que inmortalice tu juventud, tu estilo y tu personalidad en una sesi\u00f3n que ser\u00e1 todo un sue\u00f1o hecho realidad. \u00a1Haz de [&hellip;]<\/p>\n","protected":false},"author":1,"featured_media":0,"parent":0,"menu_order":0,"comment_status":"closed","ping_status":"closed","template":"","meta":{"footnotes":""},"blocksy_meta":"","featured_image_urls":{"full":"","thumbnail":"","medium":"","medium_large":"","large":"","1536x1536":"","2048x2048":"","woocommerce_thumbnail":"","woocommerce_single":"","woocommerce_gallery_thumbnail":""},"post_excerpt_stackable":"<p>\u00a1Celebra tus quince primaveras con una sesi\u00f3n de fotos \u00fanica y especial! Captura la belleza y la esencia de esta etapa tan importante de tu vida con im\u00e1genes que te acompa\u00f1ar\u00e1n para siempre. Deja que inmortalice tu juventud, tu estilo y tu personalidad en una sesi\u00f3n que ser\u00e1 todo un sue\u00f1o hecho realidad. \u00a1Haz de tus quince a\u00f1os un momento inolvidable! Preguntas frecuentes sobre la sesi\u00f3n de fotos 15 a\u00f1os. \u00bfLas sesiones son previa reserva?La reserva es importante que la realice lo antes posible&nbsp;para poder organizar nuestra agenda, especialmente si tienes una fecha espec\u00edfica en mente o si quieres asegurarte.&hellip;<\/p>\n","category_list":"","author_info":{"name":"Doris","url":"https:\/\/fotitos.click\/index.php\/author\/doris\/"},"comments_num":"0 comentarios","_links":{"self":[{"href":"https:\/\/fotitos.click\/index.php\/wp-json\/wp\/v2\/pages\/724"}],"collection":[{"href":"https:\/\/fotitos.click\/index.php\/wp-json\/wp\/v2\/pages"}],"about":[{"href":"https:\/\/fotitos.click\/index.php\/wp-json\/wp\/v2\/types\/page"}],"author":[{"embeddable":true,"href":"https:\/\/fotitos.click\/index.php\/wp-json\/wp\/v2\/users\/1"}],"replies":[{"embeddable":true,"href":"https:\/\/fotitos.click\/index.php\/wp-json\/wp\/v2\/comments?post=724"}],"version-history":[{"count":22,"href":"https:\/\/fotitos.click\/index.php\/wp-json\/wp\/v2\/pages\/724\/revisions"}],"predecessor-version":[{"id":1518,"href":"https:\/\/fotitos.click\/index.php\/wp-json\/wp\/v2\/pages\/724\/revisions\/1518"}],"wp:attachment":[{"href":"https:\/\/fotitos.click\/index.php\/wp-json\/wp\/v2\/media?parent=724"}],"curies":[{"name":"wp","href":"https:\/\/api.w.org\/{rel}","templated":true}]}}